{"id":2570,"date":"2016-12-04T14:39:24","date_gmt":"2016-12-04T13:39:24","guid":{"rendered":"https:\/\/www.closdespins.ch\/wo-sie-unsere-weine-finden\/"},"modified":"2023-07-22T11:08:36","modified_gmt":"2023-07-22T09:08:36","slug":"wo-sie-unsere-weine-finden","status":"publish","type":"page","link":"https:\/\/www.closdespins.ch\/de\/wo-sie-unsere-weine-finden\/","title":{"rendered":"Wo Sie unsere Weine finden"},"content":{"rendered":"<div class=\"wpb-content-wrapper\"><p>[vc_row][vc_column][vc_empty_space][\/vc_column][\/vc_row][vc_row][vc_column][vc_custom_heading source=&#8220;post_title&#8220; google_fonts=&#8220;font_family:Arimo%3Aregular%2Citalic%2C700%2C700italic|font_style:400%20regular%3A400%3Anormal&#8220;][vc_empty_space height=&#8220;14px&#8220;][vc_column_text]<strong>Der beste Weg, unsere Weine zu entdecken, ist nat\u00fcrlich, uns auf dem Weingut zu besuchen.<br \/>\nUnsere \u00d6ffnungszeiten finden Sie <a href=\"https:\/\/www.closdespins.ch\/de\/kontaktieren-sie-uns\/\">hier<\/a>.<\/strong><\/p>\n<p>Wenn Sie nicht die M\u00f6glichkeit haben, k\u00f6nnen Sie einige unserer Weine auch bei unseren H\u00e4ndlern finden.<\/p>\n<p>Geben Sie unten Ihre Adresse ein, um herauszufinden, ob sich einer in Ihrer N\u00e4he befindet. Beachten Sie, dass unsere H\u00e4ndler nicht unseren kompletten Katalog haben. Wir empfehlen Ihnen, sie vor Ihrem Besuch zu kontaktieren, wenn Sie einen bestimmten Wein suchen.[\/vc_column_text][vc_empty_space][\/vc_column][\/vc_row][vc_row][vc_column][vc_column_text]<style>\r\n\t#wpsl-stores .wpsl-store-thumb {height:45px !important; width:45px !important;}\r\n\t#wpsl-stores, #wpsl-direction-details, #wpsl-gmap {height:600px !important;}\r\n\t#wpsl-gmap .wpsl-info-window {max-width:225px !important;}\r\n\t.wpsl-input label, #wpsl-radius label, #wpsl-category label {width:95px;}\r\n\t#wpsl-search-input  {width:179px;}\r\n<\/style>\r\n<div id=\"wpsl-wrap\">\r\n\t<div class=\"wpsl-search wpsl-clearfix \">\r\n\t\t<div id=\"wpsl-search-wrap\">\r\n\t\t\t<form autocomplete=\"off\">\r\n\t\t\t<div class=\"wpsl-input\">\r\n\t\t\t\t<div><label for=\"wpsl-search-input\">Dein Standort<\/label><\/div>\r\n\t\t\t\t<input id=\"wpsl-search-input\" type=\"text\" value=\"\" name=\"wpsl-search-input\" placeholder=\"\" aria-required=\"true\" \/>\r\n\t\t\t<\/div>\r\n\t\t\t<div class=\"wpsl-select-wrap\">\r\n\t\t\t\t<div id=\"wpsl-radius\">\r\n\t\t\t\t\t<label for=\"wpsl-radius-dropdown\">Suchradius<\/label>\r\n\t\t\t\t\t<select id=\"wpsl-radius-dropdown\" class=\"wpsl-dropdown\" name=\"wpsl-radius\">\r\n\t\t\t\t\t\t<option selected=\"selected\" value=\"10\">10 km<\/option><option value=\"25\">25 km<\/option><option value=\"50\">50 km<\/option><option value=\"100\">100 km<\/option><option value=\"200\">200 km<\/option><option value=\"500\">500 km<\/option>\r\n\t\t\t\t\t<\/select>\r\n\t\t\t\t<\/div>\r\n\t\t\t\t<div id=\"wpsl-results\">\r\n\t\t\t\t\t<label for=\"wpsl-results-dropdown\">Ergebnisse<\/label>\r\n\t\t\t\t\t<select id=\"wpsl-results-dropdown\" class=\"wpsl-dropdown\" name=\"wpsl-results\">\r\n\t\t\t\t\t\t<option selected=\"selected\" value=\"10\">10<\/option><option value=\"25\">25<\/option><option value=\"50\">50<\/option><option value=\"75\">75<\/option><option value=\"100\">100<\/option>\r\n\t\t\t\t\t<\/select>\r\n\t\t\t\t<\/div>\r\n\t\t\t<\/div>\r\n\t\t\t\t<div class=\"wpsl-search-btn-wrap\"><input id=\"wpsl-search-btn\" type=\"submit\" value=\"Suche\"><\/div>\r\n\t\t<\/form>\r\n\t\t<\/div>\r\n\t<\/div>\r\n\t<div id=\"wpsl-gmap\" class=\"wpsl-gmap-canvas\"><\/div>\r\n\t<div id=\"wpsl-result-list\">\r\n\t\t<div id=\"wpsl-stores\" >\r\n\t\t\t<ul><\/ul>\r\n\t\t<\/div>\r\n\t\t<div id=\"wpsl-direction-details\">\r\n\t\t\t<ul><\/ul>\r\n\t\t<\/div>\r\n\t<\/div>\r\n<\/div>\r\n[\/vc_column_text][\/vc_column][\/vc_row]<\/p>\n<\/div>","protected":false},"excerpt":{"rendered":"<p>[vc_row][vc_column][vc_empty_space][\/vc_column][\/vc_row][vc_row][vc_column][vc_custom_heading source=&#8220;post_title&#8220; google_fonts=&#8220;font_family:Arimo%3Aregular%2Citalic%2C700%2C700italic|font_style:400%20regular%3A400%3Anormal&#8220;][vc_empty_space height=&#8220;14px&#8220;][vc_column_text]Der beste Weg, unsere Weine zu entdecken, ist nat\u00fcrlich, uns auf dem Weingut zu besuchen. Unsere \u00d6ffnungszeiten finden Sie hier. Wenn Sie nicht die M\u00f6glichkeit haben, k\u00f6nnen Sie einige unserer Weine auch bei unseren H\u00e4ndlern finden. Geben Sie unten Ihre Adresse ein, um herauszufinden, ob sich einer in Ihrer N\u00e4he befindet. Beachten &hellip;<\/p>\n","protected":false},"author":15,"featured_media":0,"parent":0,"menu_order":0,"comment_status":"closed","ping_status":"closed","template":"","meta":{"jetpack_post_was_ever_published":false,"footnotes":""},"class_list":["post-2570","page","type-page","status-publish","hentry"],"yoast_head":"<!-- This site is optimized with the Yoast SEO plugin v27.2 - https:\/\/yoast.com\/product\/yoast-seo-wordpress\/ -->\n<title>Wo Sie unsere Weine finden - Domaine du Clos des Pins<\/title>\n<meta name=\"description\" content=\"Sie k\u00f6nnen unsere Weine bei einigen H\u00e4ndlern finden. Suche hier nach einer Adresse in deiner N\u00e4he, um herauszufinden, ob ein H\u00e4ndler in deiner N\u00e4he ist.\" \/>\n<meta name=\"robots\" content=\"index, follow, max-snippet:-1, max-image-preview:large, max-video-preview:-1\" \/>\n<link rel=\"canonical\" href=\"https:\/\/www.closdespins.ch\/de\/wo-sie-unsere-weine-finden\/\" \/>\n<meta property=\"og:locale\" content=\"de_DE\" \/>\n<meta property=\"og:type\" content=\"article\" \/>\n<meta property=\"og:title\" content=\"Wo Sie unsere Weine finden - Domaine du Clos des Pins\" \/>\n<meta property=\"og:description\" content=\"Sie k\u00f6nnen unsere Weine bei einigen H\u00e4ndlern finden. Suche hier nach einer Adresse in deiner N\u00e4he, um herauszufinden, ob ein H\u00e4ndler in deiner N\u00e4he ist.\" \/>\n<meta property=\"og:url\" content=\"https:\/\/www.closdespins.ch\/de\/wo-sie-unsere-weine-finden\/\" \/>\n<meta property=\"og:site_name\" content=\"Domaine du Clos des Pins\" \/>\n<meta property=\"article:modified_time\" content=\"2023-07-22T09:08:36+00:00\" \/>\n<meta name=\"twitter:card\" content=\"summary_large_image\" \/>\n<meta name=\"twitter:label1\" content=\"Gesch\u00e4tzte Lesezeit\" \/>\n\t<meta name=\"twitter:data1\" content=\"1\u00a0Minute\" \/>\n<script type=\"application\/ld+json\" class=\"yoast-schema-graph\">{\"@context\":\"https:\/\/schema.org\",\"@graph\":[{\"@type\":\"WebPage\",\"@id\":\"https:\/\/www.closdespins.ch\/de\/wo-sie-unsere-weine-finden\/\",\"url\":\"https:\/\/www.closdespins.ch\/de\/wo-sie-unsere-weine-finden\/\",\"name\":\"Wo Sie unsere Weine finden - Domaine du Clos des Pins\",\"isPartOf\":{\"@id\":\"https:\/\/www.closdespins.ch\/#website\"},\"datePublished\":\"2016-12-04T13:39:24+00:00\",\"dateModified\":\"2023-07-22T09:08:36+00:00\",\"description\":\"Sie k\u00f6nnen unsere Weine bei einigen H\u00e4ndlern finden. Suche hier nach einer Adresse in deiner N\u00e4he, um herauszufinden, ob ein H\u00e4ndler in deiner N\u00e4he ist.\",\"breadcrumb\":{\"@id\":\"https:\/\/www.closdespins.ch\/de\/wo-sie-unsere-weine-finden\/#breadcrumb\"},\"inLanguage\":\"de\",\"potentialAction\":[{\"@type\":\"ReadAction\",\"target\":[\"https:\/\/www.closdespins.ch\/de\/wo-sie-unsere-weine-finden\/\"]}]},{\"@type\":\"BreadcrumbList\",\"@id\":\"https:\/\/www.closdespins.ch\/de\/wo-sie-unsere-weine-finden\/#breadcrumb\",\"itemListElement\":[{\"@type\":\"ListItem\",\"position\":1,\"name\":\"Accueil\",\"item\":\"https:\/\/www.closdespins.ch\/de\/startseite\/\"},{\"@type\":\"ListItem\",\"position\":2,\"name\":\"Wo Sie unsere Weine finden\"}]},{\"@type\":\"WebSite\",\"@id\":\"https:\/\/www.closdespins.ch\/#website\",\"url\":\"https:\/\/www.closdespins.ch\/\",\"name\":\"Domaine du Clos des Pins\",\"description\":\"Marc Ramu - Vigneron-Encaveur Dardagny\",\"publisher\":{\"@id\":\"https:\/\/www.closdespins.ch\/#organization\"},\"potentialAction\":[{\"@type\":\"SearchAction\",\"target\":{\"@type\":\"EntryPoint\",\"urlTemplate\":\"https:\/\/www.closdespins.ch\/?s={search_term_string}\"},\"query-input\":{\"@type\":\"PropertyValueSpecification\",\"valueRequired\":true,\"valueName\":\"search_term_string\"}}],\"inLanguage\":\"de\"},{\"@type\":\"Organization\",\"@id\":\"https:\/\/www.closdespins.ch\/#organization\",\"name\":\"Domaine du Clos des Pins\",\"url\":\"https:\/\/www.closdespins.ch\/\",\"logo\":{\"@type\":\"ImageObject\",\"inLanguage\":\"de\",\"@id\":\"https:\/\/www.closdespins.ch\/#\/schema\/logo\/image\/\",\"url\":\"https:\/\/www.closdespins.ch\/wp-content\/uploads\/2016\/08\/logoclosdespins400400.jpg\",\"contentUrl\":\"https:\/\/www.closdespins.ch\/wp-content\/uploads\/2016\/08\/logoclosdespins400400.jpg\",\"width\":400,\"height\":400,\"caption\":\"Domaine du Clos des Pins\"},\"image\":{\"@id\":\"https:\/\/www.closdespins.ch\/#\/schema\/logo\/image\/\"}}]}<\/script>\n<!-- \/ Yoast SEO plugin. -->","yoast_head_json":{"title":"Wo Sie unsere Weine finden - Domaine du Clos des Pins","description":"Sie k\u00f6nnen unsere Weine bei einigen H\u00e4ndlern finden. Suche hier nach einer Adresse in deiner N\u00e4he, um herauszufinden, ob ein H\u00e4ndler in deiner N\u00e4he ist.","robots":{"index":"index","follow":"follow","max-snippet":"max-snippet:-1","max-image-preview":"max-image-preview:large","max-video-preview":"max-video-preview:-1"},"canonical":"https:\/\/www.closdespins.ch\/de\/wo-sie-unsere-weine-finden\/","og_locale":"de_DE","og_type":"article","og_title":"Wo Sie unsere Weine finden - Domaine du Clos des Pins","og_description":"Sie k\u00f6nnen unsere Weine bei einigen H\u00e4ndlern finden. Suche hier nach einer Adresse in deiner N\u00e4he, um herauszufinden, ob ein H\u00e4ndler in deiner N\u00e4he ist.","og_url":"https:\/\/www.closdespins.ch\/de\/wo-sie-unsere-weine-finden\/","og_site_name":"Domaine du Clos des Pins","article_modified_time":"2023-07-22T09:08:36+00:00","twitter_card":"summary_large_image","twitter_misc":{"Gesch\u00e4tzte Lesezeit":"1\u00a0Minute"},"schema":{"@context":"https:\/\/schema.org","@graph":[{"@type":"WebPage","@id":"https:\/\/www.closdespins.ch\/de\/wo-sie-unsere-weine-finden\/","url":"https:\/\/www.closdespins.ch\/de\/wo-sie-unsere-weine-finden\/","name":"Wo Sie unsere Weine finden - Domaine du Clos des Pins","isPartOf":{"@id":"https:\/\/www.closdespins.ch\/#website"},"datePublished":"2016-12-04T13:39:24+00:00","dateModified":"2023-07-22T09:08:36+00:00","description":"Sie k\u00f6nnen unsere Weine bei einigen H\u00e4ndlern finden. Suche hier nach einer Adresse in deiner N\u00e4he, um herauszufinden, ob ein H\u00e4ndler in deiner N\u00e4he ist.","breadcrumb":{"@id":"https:\/\/www.closdespins.ch\/de\/wo-sie-unsere-weine-finden\/#breadcrumb"},"inLanguage":"de","potentialAction":[{"@type":"ReadAction","target":["https:\/\/www.closdespins.ch\/de\/wo-sie-unsere-weine-finden\/"]}]},{"@type":"BreadcrumbList","@id":"https:\/\/www.closdespins.ch\/de\/wo-sie-unsere-weine-finden\/#breadcrumb","itemListElement":[{"@type":"ListItem","position":1,"name":"Accueil","item":"https:\/\/www.closdespins.ch\/de\/startseite\/"},{"@type":"ListItem","position":2,"name":"Wo Sie unsere Weine finden"}]},{"@type":"WebSite","@id":"https:\/\/www.closdespins.ch\/#website","url":"https:\/\/www.closdespins.ch\/","name":"Domaine du Clos des Pins","description":"Marc Ramu - Vigneron-Encaveur Dardagny","publisher":{"@id":"https:\/\/www.closdespins.ch\/#organization"},"potentialAction":[{"@type":"SearchAction","target":{"@type":"EntryPoint","urlTemplate":"https:\/\/www.closdespins.ch\/?s={search_term_string}"},"query-input":{"@type":"PropertyValueSpecification","valueRequired":true,"valueName":"search_term_string"}}],"inLanguage":"de"},{"@type":"Organization","@id":"https:\/\/www.closdespins.ch\/#organization","name":"Domaine du Clos des Pins","url":"https:\/\/www.closdespins.ch\/","logo":{"@type":"ImageObject","inLanguage":"de","@id":"https:\/\/www.closdespins.ch\/#\/schema\/logo\/image\/","url":"https:\/\/www.closdespins.ch\/wp-content\/uploads\/2016\/08\/logoclosdespins400400.jpg","contentUrl":"https:\/\/www.closdespins.ch\/wp-content\/uploads\/2016\/08\/logoclosdespins400400.jpg","width":400,"height":400,"caption":"Domaine du Clos des Pins"},"image":{"@id":"https:\/\/www.closdespins.ch\/#\/schema\/logo\/image\/"}}]}},"jetpack_sharing_enabled":true,"jetpack_shortlink":"https:\/\/wp.me\/P8Qm4O-Fs","jetpack-related-posts":[],"_links":{"self":[{"href":"https:\/\/www.closdespins.ch\/de\/wp-json\/wp\/v2\/pages\/2570","targetHints":{"allow":["GET"]}}],"collection":[{"href":"https:\/\/www.closdespins.ch\/de\/wp-json\/wp\/v2\/pages"}],"about":[{"href":"https:\/\/www.closdespins.ch\/de\/wp-json\/wp\/v2\/types\/page"}],"author":[{"embeddable":true,"href":"https:\/\/www.closdespins.ch\/de\/wp-json\/wp\/v2\/users\/15"}],"replies":[{"embeddable":true,"href":"https:\/\/www.closdespins.ch\/de\/wp-json\/wp\/v2\/comments?post=2570"}],"version-history":[{"count":2,"href":"https:\/\/www.closdespins.ch\/de\/wp-json\/wp\/v2\/pages\/2570\/revisions"}],"predecessor-version":[{"id":2572,"href":"https:\/\/www.closdespins.ch\/de\/wp-json\/wp\/v2\/pages\/2570\/revisions\/2572"}],"wp:attachment":[{"href":"https:\/\/www.closdespins.ch\/de\/wp-json\/wp\/v2\/media?parent=2570"}],"curies":[{"name":"wp","href":"https:\/\/api.w.org\/{rel}","templated":true}]}}