{"id":2659,"date":"2016-09-02T22:42:51","date_gmt":"2016-09-02T20:42:51","guid":{"rendered":"https:\/\/www.closdespins.ch\/allgemeine-bedingungen\/"},"modified":"2023-09-04T10:42:00","modified_gmt":"2023-09-04T08:42:00","slug":"allgemeine-bedingungen","status":"publish","type":"page","link":"https:\/\/www.closdespins.ch\/de\/allgemeine-bedingungen\/","title":{"rendered":"Allgemeine Bedingungen"},"content":{"rendered":"<div class=\"wpb-content-wrapper\"><p>[vc_row][vc_column width=&#8220;1\/6&#8243;][\/vc_column][vc_column width=&#8220;2\/3&#8243;][vc_empty_space height=&#8220;60px&#8220;][vc_column_text]<\/p>\n<h1>Allgemeine Bedingungen<\/h1>\n<p>&nbsp;<\/p>\n<p><strong>Hinweis:<\/strong><br \/>\nDie Allgemeinen Gesch\u00e4ftsbedingungen werden in verschiedene Sprachen \u00fcbersetzt. Nur die franz\u00f6sische Fassung ist verbindlich.<\/p>\n<p>&nbsp;<\/p>\n<p class=\"page-subheading\"><strong>1. Allgemeine Bedingungen und Anwendung der Allgemeinen Verkaufsbedingungen.<\/strong><\/p>\n<p>Diese Bedingungen regeln die Nutzung der Webseite www.closdespins.ch.<br \/>\nWir empfehlen Ihnen daher, diese vor der Bestellung zu lesen.<br \/>\nDurch Ihre Registrierung und die Bestellung erkennen Sie diese Allgemeinen Verkaufsbedingungen bedingungslos an.<\/p>\n<p>Das &#8222;Clos des Pins&#8220; beh\u00e4lt sich das Recht vor, diese Bedingungen jederzeit zu \u00e4ndern.<\/p>\n<p><strong>2. Erstellung eines Kontos \/ Registrierung<\/strong><\/p>\n<p>Um den Online-Bestellservice zu nutzen, m\u00fcssen Sie kein Kundenkonto erstellen. Sie m\u00fcssen jedoch sicherstellen, dass die obligatorischen Daten, die Sie bei der Bestellung angeben, korrekt und vollst\u00e4ndig sind.<\/p>\n<p>Durch die Bestellung versichern Sie, dass Sie 16 Jahre oder \u00e4lter sind und berechtigt sind, Alkohol zu konsumieren.<\/p>\n<p><strong>3. Passwort<\/strong><\/p>\n<p>Das Passwort, das Sie f\u00fcr die Erstellung Ihres Kontos verwenden, ist pers\u00f6nlich und vertraulich. Es darf keinesfalls an Dritte weitergegeben werden. Sie sind allein verantwortlich f\u00fcr die Verwendung Ihres Passworts, auch wenn es unbefugt geschieht. Bei Zweifeln haben Sie jederzeit die M\u00f6glichkeit, das Passwort direkt auf der Webseite zu \u00e4ndern.<\/p>\n<p><strong>4. Bestellungen<\/strong><\/p>\n<p>Durch die Best\u00e4tigung Ihrer Bestellung auf der Webseite verpflichten Sie sich, die bestellte Ware zu kaufen. Die bei der Bestellung auf der Webseite closdespins.ch registrierten Daten sind ma\u00dfgebend.<\/p>\n<p>Das &#8222;Clos des Pins&#8220; beh\u00e4lt sich das Recht vor, eine Bestellung abzulehnen, falls:<\/p>\n<ul>\n<li>Unerwartete Lagerbestandsprobleme auftreten.<\/li>\n<li>Ein laufender Streit oder offene Zahlungsr\u00fcckst\u00e4nde vorliegen.<\/li>\n<\/ul>\n<p>&nbsp;<\/p>\n<p><strong>5. Preise<\/strong><\/p>\n<p>Die Preise der Artikel sind auf der Webseite angegeben. Die Preise verstehen sich inklusive Mehrwertsteuer, sofern nicht anders angegeben. Liefer- oder Versandkosten werden zus\u00e4tzlich berechnet. Die Lieferkosten werden entsprechend den Tarifen unserer Spediteure berechnet, und wir bem\u00fchen uns, in Ihrem Interesse das Beste zu tun.<\/p>\n<p><strong>6. Lieferungen<\/strong><\/p>\n<p>Die Lieferung erfolgt an die unter &#8222;Lieferadresse&#8220; angegebene Adresse, die Sie bei der Bestellung angegeben haben. Wir tun unser Bestes, um die Lieferung so schnell wie m\u00f6glich durchzuf\u00fchren.<\/p>\n<p>Die \u00fcblicherweise festgestellten Lieferzeiten sind:<\/p>\n<ul>\n<li>Von uns durchgef\u00fchrte Lieferung in Genf: Dienstag- oder Freitagvormittag nach Ihrer Bestellung. Wir werden Sie kontaktieren, um einen Termin zu vereinbaren.<\/li>\n<li>Versand per Post: 5-7 Werktage<\/li>\n<li>Versand per Spediteur: 2-3 Werktage<\/li>\n<\/ul>\n<p>Die oben genannten Lieferzeiten haben nur einen ungef\u00e4hren Wert.<\/p>\n<p>Bestellungen auf der Webseite www.closdespins.ch gelten nur in der Schweiz. F\u00fcr Lieferungen ins Ausland bitte kontaktieren Sie uns.<\/p>\n<p><strong>7. \u00dcberpr\u00fcfung der Ware<\/strong><\/p>\n<p>Es liegt in Ihrer Verantwortung, die Menge und den Zustand der Ware bei Lieferung zu \u00fcberpr\u00fcfen. Wenn Ihnen fehlende oder besch\u00e4digte Ware auff\u00e4llt, m\u00fcssen Sie dies innerhalb von 3 Tagen nach der Lieferung melden. Die Ware wird dann identisch ersetzt.<\/p>\n<p><strong>8. Zahlung<\/strong><\/p>\n<p>Es stehen drei Zahlungsmethoden auf der Webseite zur Verf\u00fcgung:<\/p>\n<p>&#8211; Zahlung vor Ort<\/p>\n<p>f\u00fcr Weine, die in unserem Keller genommen werden.<\/p>\n<p>&#8211; Kreditkarte:<\/p>\n<p>Die Zahlung erfolgt \u00fcber die Webseite von STRIPE (stripe.com).<\/p>\n<p>&#8211; Bank\u00fcberweisung:<\/p>\n<p>Diese Option verl\u00e4ngert den Prozess etwas. Sofern nicht anders vereinbart, wird die Ware erst nach Erhalt der Zahlung versandt.<\/p>\n<p><strong>9. R\u00fccksendungen<\/strong><\/p>\n<p>Wenn Ihre Bestellung Ihren Erwartungen nicht entspricht, k\u00f6nnen Sie die Ware innerhalb von 7 Tagen nach Erhalt zur\u00fccksenden. Wir akzeptieren nur R\u00fccksendungen in ihrer Originalverpackung und in gutem Zustand. Im Falle von besch\u00e4digter Ware behalten wir uns das Recht vor, eine entsprechende Abzugsgeb\u00fchr vorzunehmen. Wenn R\u00fccksendungen ordnungsgem\u00e4\u00df erfolgt sind, erstatten wir den Preis der Ware sowie die in Rechnung gestellten Versandkosten innerhalb von 30 Tagen nach Erhalt des Pakets zur\u00fcck. Die Versandkosten f\u00fcr die R\u00fccksendung der Ware gehen zu Ihren Lasten.<\/p>\n<p><strong>10. Haftungsbeschr\u00e4nkung<\/strong><\/p>\n<p>Die auf der Webseite abgebildeten Fotos und Texte zu den Produkten sind nicht verbindlich.<\/p>\n<p><strong>11. Geistiges Eigentum<\/strong><\/p>\n<p>Alle Texte, Bilder und Kommentare auf der Webseite bleiben Eigentum des &#8222;Clos des Pins&#8220; und unterliegen dem Urheberrecht. Jegliche Vervielf\u00e4ltigung des Katalogs, ganz oder teilweise, ist strengstens untersagt.<\/p>\n<p><strong>12. Datenschutz<\/strong><\/p>\n<p>Das &#8222;Clos des Pins&#8220; verpflichtet sich, die Bestimmungen des Schweizerischen Datenschutzgesetzes einzuhalten. Alle pers\u00f6nlichen Daten, die vom Kunden \u00fcbermittelt werden, werden vertraulich behandelt und nicht an Dritte verkauft. Der Kunde hat die M\u00f6glichkeit, seine pers\u00f6nlichen Daten jederzeit im Bereich &#8222;Mein Konto&#8220; zu \u00e4ndern. Mit der Annahme unserer Allgemeinen Verkaufsbedingungen akzeptieren Sie auch die Bedingungen unserer <a href=\"https:\/\/www.closdespins.ch\/de\/datenschutzbestimmungen\/\">Datenschutzerkl\u00e4rung<\/a>.<\/p>\n<p><strong>13. H\u00f6here Gewalt<\/strong><\/p>\n<p>Wir tun unser Bestes, um unseren Verpflichtungen nachzukommen, k\u00f6nnen aber nicht f\u00fcr Verz\u00f6gerungen oder Ausf\u00e4lle von Lieferungen verantwortlich gemacht werden, die auf Umst\u00e4nde zur\u00fcckzuf\u00fchren sind, die au\u00dferhalb unserer Kontrolle liegen, wie z. B. Streiks, Kriege, Naturkatastrophen oder andere Ereignisse, die die Produktion, den Transport oder die Lieferung von Produkten verhindern.<\/p>\n<p><strong>14. Anwendbares Recht und Gerichtsstand<\/strong><\/p>\n<p>Diese Allgemeinen Verkaufsbedingungen unterliegen schweizerischem Recht.<br \/>\nAls Gerichtsstand wird Dardagny von beiden Parteien akzeptiert und anerkannt.<\/p>\n<p>Dardagny, le 15.03.2017[\/vc_column_text][\/vc_column][vc_column width=&#8220;1\/6&#8243;][\/vc_column][\/vc_row][vc_row][vc_column][vc_empty_space height=&#8220;42px&#8220;][\/vc_column][\/vc_row]<\/p>\n<\/div>","protected":false},"excerpt":{"rendered":"<p>[vc_row][vc_column width=&#8220;1\/6&#8243;][\/vc_column][vc_column width=&#8220;2\/3&#8243;][vc_empty_space height=&#8220;60px&#8220;][vc_column_text] Allgemeine Bedingungen &nbsp; Hinweis: Die Allgemeinen Gesch\u00e4ftsbedingungen werden in verschiedene Sprachen \u00fcbersetzt. Nur die franz\u00f6sische Fassung ist verbindlich. &nbsp; 1. Allgemeine Bedingungen und Anwendung der Allgemeinen Verkaufsbedingungen. Diese Bedingungen regeln die Nutzung der Webseite www.closdespins.ch. Wir empfehlen Ihnen daher, diese vor der Bestellung zu lesen. Durch Ihre Registrierung und die Bestellung &hellip;<\/p>\n","protected":false},"author":15,"featured_media":0,"parent":0,"menu_order":0,"comment_status":"closed","ping_status":"closed","template":"","meta":{"jetpack_post_was_ever_published":false,"footnotes":""},"class_list":["post-2659","page","type-page","status-publish","hentry"],"yoast_head":"<!-- This site is optimized with the Yoast SEO plugin v27.2 - https:\/\/yoast.com\/product\/yoast-seo-wordpress\/ -->\n<title>Allgemeine Bedingungen - Domaine du Clos des Pins<\/title>\n<meta name=\"robots\" content=\"noindex, follow\" \/>\n<meta property=\"og:locale\" content=\"de_DE\" \/>\n<meta property=\"og:type\" content=\"article\" \/>\n<meta property=\"og:title\" content=\"Allgemeine Bedingungen - Domaine du Clos des Pins\" \/>\n<meta property=\"og:description\" content=\"[vc_row][vc_column width=&#8220;1\/6&#8243;][\/vc_column][vc_column width=&#8220;2\/3&#8243;][vc_empty_space height=&#8220;60px&#8220;][vc_column_text] Allgemeine Bedingungen &nbsp; Hinweis: Die Allgemeinen Gesch\u00e4ftsbedingungen werden in verschiedene Sprachen \u00fcbersetzt. Nur die franz\u00f6sische Fassung ist verbindlich. &nbsp; 1. Allgemeine Bedingungen und Anwendung der Allgemeinen Verkaufsbedingungen. Diese Bedingungen regeln die Nutzung der Webseite www.closdespins.ch. Wir empfehlen Ihnen daher, diese vor der Bestellung zu lesen. Durch Ihre Registrierung und die Bestellung &hellip;\" \/>\n<meta property=\"og:url\" content=\"https:\/\/www.closdespins.ch\/de\/allgemeine-bedingungen\/\" \/>\n<meta property=\"og:site_name\" content=\"Domaine du Clos des Pins\" \/>\n<meta property=\"article:modified_time\" content=\"2023-09-04T08:42:00+00:00\" \/>\n<meta name=\"twitter:card\" content=\"summary_large_image\" \/>\n<meta name=\"twitter:label1\" content=\"Gesch\u00e4tzte Lesezeit\" \/>\n\t<meta name=\"twitter:data1\" content=\"4\u00a0Minuten\" \/>\n<script type=\"application\/ld+json\" class=\"yoast-schema-graph\">{\"@context\":\"https:\/\/schema.org\",\"@graph\":[{\"@type\":\"WebPage\",\"@id\":\"https:\/\/www.closdespins.ch\/de\/allgemeine-bedingungen\/\",\"url\":\"https:\/\/www.closdespins.ch\/de\/allgemeine-bedingungen\/\",\"name\":\"Allgemeine Bedingungen - Domaine du Clos des Pins\",\"isPartOf\":{\"@id\":\"https:\/\/www.closdespins.ch\/#website\"},\"datePublished\":\"2016-09-02T20:42:51+00:00\",\"dateModified\":\"2023-09-04T08:42:00+00:00\",\"breadcrumb\":{\"@id\":\"https:\/\/www.closdespins.ch\/de\/allgemeine-bedingungen\/#breadcrumb\"},\"inLanguage\":\"de\",\"potentialAction\":[{\"@type\":\"ReadAction\",\"target\":[\"https:\/\/www.closdespins.ch\/de\/allgemeine-bedingungen\/\"]}]},{\"@type\":\"BreadcrumbList\",\"@id\":\"https:\/\/www.closdespins.ch\/de\/allgemeine-bedingungen\/#breadcrumb\",\"itemListElement\":[{\"@type\":\"ListItem\",\"position\":1,\"name\":\"Accueil\",\"item\":\"https:\/\/www.closdespins.ch\/de\/startseite\/\"},{\"@type\":\"ListItem\",\"position\":2,\"name\":\"Allgemeine Bedingungen\"}]},{\"@type\":\"WebSite\",\"@id\":\"https:\/\/www.closdespins.ch\/#website\",\"url\":\"https:\/\/www.closdespins.ch\/\",\"name\":\"Domaine du Clos des Pins\",\"description\":\"Marc Ramu - Vigneron-Encaveur Dardagny\",\"publisher\":{\"@id\":\"https:\/\/www.closdespins.ch\/#organization\"},\"potentialAction\":[{\"@type\":\"SearchAction\",\"target\":{\"@type\":\"EntryPoint\",\"urlTemplate\":\"https:\/\/www.closdespins.ch\/?s={search_term_string}\"},\"query-input\":{\"@type\":\"PropertyValueSpecification\",\"valueRequired\":true,\"valueName\":\"search_term_string\"}}],\"inLanguage\":\"de\"},{\"@type\":\"Organization\",\"@id\":\"https:\/\/www.closdespins.ch\/#organization\",\"name\":\"Domaine du Clos des Pins\",\"url\":\"https:\/\/www.closdespins.ch\/\",\"logo\":{\"@type\":\"ImageObject\",\"inLanguage\":\"de\",\"@id\":\"https:\/\/www.closdespins.ch\/#\/schema\/logo\/image\/\",\"url\":\"https:\/\/www.closdespins.ch\/wp-content\/uploads\/2016\/08\/logoclosdespins400400.jpg\",\"contentUrl\":\"https:\/\/www.closdespins.ch\/wp-content\/uploads\/2016\/08\/logoclosdespins400400.jpg\",\"width\":400,\"height\":400,\"caption\":\"Domaine du Clos des Pins\"},\"image\":{\"@id\":\"https:\/\/www.closdespins.ch\/#\/schema\/logo\/image\/\"}}]}<\/script>\n<!-- \/ Yoast SEO plugin. -->","yoast_head_json":{"title":"Allgemeine Bedingungen - Domaine du Clos des Pins","robots":{"index":"noindex","follow":"follow"},"og_locale":"de_DE","og_type":"article","og_title":"Allgemeine Bedingungen - Domaine du Clos des Pins","og_description":"[vc_row][vc_column width=&#8220;1\/6&#8243;][\/vc_column][vc_column width=&#8220;2\/3&#8243;][vc_empty_space height=&#8220;60px&#8220;][vc_column_text] Allgemeine Bedingungen &nbsp; Hinweis: Die Allgemeinen Gesch\u00e4ftsbedingungen werden in verschiedene Sprachen \u00fcbersetzt. Nur die franz\u00f6sische Fassung ist verbindlich. &nbsp; 1. Allgemeine Bedingungen und Anwendung der Allgemeinen Verkaufsbedingungen. Diese Bedingungen regeln die Nutzung der Webseite www.closdespins.ch. Wir empfehlen Ihnen daher, diese vor der Bestellung zu lesen. Durch Ihre Registrierung und die Bestellung &hellip;","og_url":"https:\/\/www.closdespins.ch\/de\/allgemeine-bedingungen\/","og_site_name":"Domaine du Clos des Pins","article_modified_time":"2023-09-04T08:42:00+00:00","twitter_card":"summary_large_image","twitter_misc":{"Gesch\u00e4tzte Lesezeit":"4\u00a0Minuten"},"schema":{"@context":"https:\/\/schema.org","@graph":[{"@type":"WebPage","@id":"https:\/\/www.closdespins.ch\/de\/allgemeine-bedingungen\/","url":"https:\/\/www.closdespins.ch\/de\/allgemeine-bedingungen\/","name":"Allgemeine Bedingungen - Domaine du Clos des Pins","isPartOf":{"@id":"https:\/\/www.closdespins.ch\/#website"},"datePublished":"2016-09-02T20:42:51+00:00","dateModified":"2023-09-04T08:42:00+00:00","breadcrumb":{"@id":"https:\/\/www.closdespins.ch\/de\/allgemeine-bedingungen\/#breadcrumb"},"inLanguage":"de","potentialAction":[{"@type":"ReadAction","target":["https:\/\/www.closdespins.ch\/de\/allgemeine-bedingungen\/"]}]},{"@type":"BreadcrumbList","@id":"https:\/\/www.closdespins.ch\/de\/allgemeine-bedingungen\/#breadcrumb","itemListElement":[{"@type":"ListItem","position":1,"name":"Accueil","item":"https:\/\/www.closdespins.ch\/de\/startseite\/"},{"@type":"ListItem","position":2,"name":"Allgemeine Bedingungen"}]},{"@type":"WebSite","@id":"https:\/\/www.closdespins.ch\/#website","url":"https:\/\/www.closdespins.ch\/","name":"Domaine du Clos des Pins","description":"Marc Ramu - Vigneron-Encaveur Dardagny","publisher":{"@id":"https:\/\/www.closdespins.ch\/#organization"},"potentialAction":[{"@type":"SearchAction","target":{"@type":"EntryPoint","urlTemplate":"https:\/\/www.closdespins.ch\/?s={search_term_string}"},"query-input":{"@type":"PropertyValueSpecification","valueRequired":true,"valueName":"search_term_string"}}],"inLanguage":"de"},{"@type":"Organization","@id":"https:\/\/www.closdespins.ch\/#organization","name":"Domaine du Clos des Pins","url":"https:\/\/www.closdespins.ch\/","logo":{"@type":"ImageObject","inLanguage":"de","@id":"https:\/\/www.closdespins.ch\/#\/schema\/logo\/image\/","url":"https:\/\/www.closdespins.ch\/wp-content\/uploads\/2016\/08\/logoclosdespins400400.jpg","contentUrl":"https:\/\/www.closdespins.ch\/wp-content\/uploads\/2016\/08\/logoclosdespins400400.jpg","width":400,"height":400,"caption":"Domaine du Clos des Pins"},"image":{"@id":"https:\/\/www.closdespins.ch\/#\/schema\/logo\/image\/"}}]}},"jetpack_sharing_enabled":true,"jetpack_shortlink":"https:\/\/wp.me\/P8Qm4O-GT","jetpack-related-posts":[],"_links":{"self":[{"href":"https:\/\/www.closdespins.ch\/de\/wp-json\/wp\/v2\/pages\/2659","targetHints":{"allow":["GET"]}}],"collection":[{"href":"https:\/\/www.closdespins.ch\/de\/wp-json\/wp\/v2\/pages"}],"about":[{"href":"https:\/\/www.closdespins.ch\/de\/wp-json\/wp\/v2\/types\/page"}],"author":[{"embeddable":true,"href":"https:\/\/www.closdespins.ch\/de\/wp-json\/wp\/v2\/users\/15"}],"replies":[{"embeddable":true,"href":"https:\/\/www.closdespins.ch\/de\/wp-json\/wp\/v2\/comments?post=2659"}],"version-history":[{"count":13,"href":"https:\/\/www.closdespins.ch\/de\/wp-json\/wp\/v2\/pages\/2659\/revisions"}],"predecessor-version":[{"id":2765,"href":"https:\/\/www.closdespins.ch\/de\/wp-json\/wp\/v2\/pages\/2659\/revisions\/2765"}],"wp:attachment":[{"href":"https:\/\/www.closdespins.ch\/de\/wp-json\/wp\/v2\/media?parent=2659"}],"curies":[{"name":"wp","href":"https:\/\/api.w.org\/{rel}","templated":true}]}}