{"id":2749,"date":"2018-05-24T17:00:37","date_gmt":"2018-05-24T15:00:37","guid":{"rendered":"https:\/\/www.closdespins.ch\/datenschutzbestimmungen\/"},"modified":"2023-09-04T10:44:40","modified_gmt":"2023-09-04T08:44:40","slug":"datenschutzbestimmungen","status":"publish","type":"page","link":"https:\/\/www.closdespins.ch\/de\/datenschutzbestimmungen\/","title":{"rendered":"Datenschutzerkl\u00e4rung"},"content":{"rendered":"<div class=\"wpb-content-wrapper\"><p>[vc_row][vc_column width=&#8220;1\/6&#8243;][\/vc_column][vc_column width=&#8220;2\/3&#8243;][vc_empty_space height=&#8220;60px&#8220;][vc_column_text]<\/p>\n<h1>Datenschutzerkl\u00e4rung<\/h1>\n<p>&nbsp;<\/p>\n<h2>Wer sind wir?<\/h2>\n<p>Die Adresse unserer Webseite ist: https:\/\/www.closdespins.ch.<br \/>\nDiese Webseite ist Eigentum von Marc Ramu.<\/p>\n<p>Alle Kontaktinformationen finden Sie auf unserer <a href=\"https:\/\/www.closdespins.ch\/de\/kontaktieren-sie-uns\/\">Kontaktseite<\/a>.<\/p>\n<p>&nbsp;<\/p>\n<h2>Nutzung personenbezogener Daten<\/h2>\n<p><strong>Welche Daten werden gesammelt und wie werden sie benutzt?<\/strong><\/p>\n<p>Wir sammeln nur die von Ihnen angegebenen personenbezogenen Daten, die wir f\u00fcr die Bearbeitung Ihrer Bestellung brauchen (zum Beispiel: Email, Name, Lieferadresse). Keine weiteren personenbezogenen Daten werden von uns gesammelt. Jederzeit d\u00fcrfen Sie die unter &#8222;Mein Konto&#8220; gespeicherten Daten \u00e4ndern. Wenn Sie zum Bestellen kein Konto erstellt haben, werden uns Ihre Kontaktdaten trotzdem weitergegeben. Wenn Sie diese Kontaktdaten \u00e4ndern oder l\u00f6schen m\u00f6chten, k\u00f6nnen Sie uns dank unserer <a href=\"https:\/\/www.closdespins.ch\/de\/kontaktieren-sie-uns\/\">Kontaktseite<\/a> erreichen.<\/p>\n<p><strong>Kontaktformular<\/strong><\/p>\n<p>Anbei finden Sie ein Kontaktformular <em>(https:\/\/www.closdespins.ch\/contact\/)<\/em>, damit Sie uns eine Nachricht senden k\u00f6nnen. Durch dieses Formular werden nur die Kontaktdaten gesammelt, die Sie in den betreffenden Feldern ausf\u00fcllen und die wir f\u00fcr die Bearbeitung Ihrer Nachricht brauchen (Namen und Email).<\/p>\n<p><strong>Cookies<\/strong><\/p>\n<p>Wenn Sie ein Benutzerkonto haben und sich auf der Seite anmelden, wird ein tempor\u00e4rer Cookie kreiert, welcher untersucht, ob Ihren Web-Browser die Cookies akzeptiert. Es enth\u00e4lt keine personenbezogenen Daten und wird automatisch mit dem Schlie\u00dfen Ihres Browsers gel\u00f6scht.<\/p>\n<p>Wenn Sie sich anmelden, setzen wir einige Cookies ein, damit Ihre Login-Daten und Ihre Nutzerpr\u00e4ferenzen gespeichert werden. Ein Session-Cookie dauert zwei Tage, w\u00e4hrend ein dauerhaftes Cookie f\u00fcr Optionen am Bildschirm ein Jahr dauert. Wenn Sie auf &#8222;Angemeldet bleiben&#8220; klicken, wird das Session-Cookie zwei Wochen aufbewahrt. Wenn Sie sich von Ihrem Konto ausloggen, wird der Session-Cookie gel\u00f6scht.<\/p>\n<p>Was ist ein Cookie?<br \/>\n<a href=\"https:\/\/www.microsoft.com\/fr-fr\/security\/resources\/cookie-whatis.aspx\">https:\/\/www.microsoft.com\/fr-fr\/security\/resources\/cookie-whatis.aspx<\/a><\/p>\n<p>&nbsp;<\/p>\n<h2>Verwendung und \u00dcbermittlung Ihrer personenbezogenen Daten<\/h2>\n<p><strong>Speicherdauer von Ihren Daten<\/strong><\/p>\n<p>F\u00fcr die Benutzer und Benutzerinnen, die sich auf unserer Webseite registrieren, speichern wir auch die in Ihrem Profil bekannt gegebenen personenbezogenen Daten. Alle Benutzer und Benutzerinnen k\u00f6nnen Ihren personenbezogenen Daten (au\u00dfer dem Benutzer-Namen) jederzeit sehen, \u00e4ndern oder l\u00f6schen. Diese Informationen k\u00f6nnen auch vom Administrator der Webseite gesehen und ge\u00e4ndert werden.<\/p>\n<p>Die Nutzerdaten von Benutzer, die bestellt haben, werden w\u00e4hrend der gesetzlichen Speicherungsfrist von 10 Jahren aufbewahrt.<\/p>\n<p><strong>Anspr\u00fcche auf Ihre Daten<\/strong><\/p>\n<p>Wenn Sie ein Konto besitzen, k\u00f6nnen Sie alle uns zur Verf\u00fcgung stehenden personenbezogenen Daten \u00fcber Sie anfordern (inklusive die, die Sie uns hervorgebracht haben). Sie d\u00fcrfen auch die L\u00f6schung von Ihren personenbezogenen Daten anfordern. Dieses ber\u00fccksichtigt nicht die f\u00fcr administrative und gesetzliche Zwecken sowie aus Sicherheitsgr\u00fcnden gespeicherten Daten.<\/p>\n<p>Erforderlichenfalls k\u00f6nnen Sie uns um die L\u00f6schung von Ihren Daten durch unsere <a href=\"https:\/\/www.closdespins.ch\/de\/kontaktieren-sie-uns\/\">Kontaktseite<\/a> bitten.<\/p>\n<h2>Zus\u00e4tzliche Informationen<\/h2>\n<p>&nbsp;<\/p>\n<p><strong>Drittanbieter an denen Daten mitgeteilt werden d\u00fcrfen<\/strong><\/p>\n<p>Im Rahmen von der Bearbeitung der Bestellungen arbeiten wir mit externen Anbietern, vor allem f\u00fcr die Lieferung von der Ware und den Zahlungseingang von Kreditkarten. Auf Anfrage k\u00f6nnen wir Ihnen die Anbieterliste bereitstellen. Zu diesem Zweck, benutzen Sie bitte unsere Kontaktseite.<\/p>\n<p><strong>Durchgef\u00fchrte automatisierte Marketing- und\/oder Profilerstellungsma\u00dfnahmen dank personenbezogenen Daten<\/strong><\/p>\n<p>Wir erstellen keinen Profil mit die von Ihnen mitgeteilten Daten.<\/p>\n<p>&nbsp;<\/p>\n<p>In Dardagny, der 18. Mai 2018.[\/vc_column_text][vc_empty_space height=&#8220;60px&#8220;][\/vc_column][vc_column width=&#8220;1\/6&#8243;][\/vc_column][\/vc_row]<\/p>\n<\/div>","protected":false},"excerpt":{"rendered":"<p>[vc_row][vc_column width=&#8220;1\/6&#8243;][\/vc_column][vc_column width=&#8220;2\/3&#8243;][vc_empty_space height=&#8220;60px&#8220;][vc_column_text] Datenschutzerkl\u00e4rung &nbsp; Wer sind wir? Die Adresse unserer Webseite ist: https:\/\/www.closdespins.ch. Diese Webseite ist Eigentum von Marc Ramu. Alle Kontaktinformationen finden Sie auf unserer Kontaktseite. &nbsp; Nutzung personenbezogener Daten Welche Daten werden gesammelt und wie werden sie benutzt? Wir sammeln nur die von Ihnen angegebenen personenbezogenen Daten, die wir f\u00fcr die &hellip;<\/p>\n","protected":false},"author":15,"featured_media":0,"parent":0,"menu_order":0,"comment_status":"closed","ping_status":"closed","template":"","meta":{"jetpack_post_was_ever_published":false,"footnotes":""},"class_list":["post-2749","page","type-page","status-publish","hentry"],"yoast_head":"<!-- This site is optimized with the Yoast SEO plugin v27.2 - https:\/\/yoast.com\/product\/yoast-seo-wordpress\/ -->\n<title>Datenschutzerkl\u00e4rung - Domaine du Clos des Pins<\/title>\n<meta name=\"robots\" content=\"index, follow, max-snippet:-1, max-image-preview:large, max-video-preview:-1\" \/>\n<link rel=\"canonical\" href=\"https:\/\/www.closdespins.ch\/de\/datenschutzbestimmungen\/\" \/>\n<meta property=\"og:locale\" content=\"de_DE\" \/>\n<meta property=\"og:type\" content=\"article\" \/>\n<meta property=\"og:title\" content=\"Datenschutzerkl\u00e4rung - Domaine du Clos des Pins\" \/>\n<meta property=\"og:description\" content=\"[vc_row][vc_column width=&#8220;1\/6&#8243;][\/vc_column][vc_column width=&#8220;2\/3&#8243;][vc_empty_space height=&#8220;60px&#8220;][vc_column_text] Datenschutzerkl\u00e4rung &nbsp; Wer sind wir? Die Adresse unserer Webseite ist: https:\/\/www.closdespins.ch. Diese Webseite ist Eigentum von Marc Ramu. Alle Kontaktinformationen finden Sie auf unserer Kontaktseite. &nbsp; Nutzung personenbezogener Daten Welche Daten werden gesammelt und wie werden sie benutzt? Wir sammeln nur die von Ihnen angegebenen personenbezogenen Daten, die wir f\u00fcr die &hellip;\" \/>\n<meta property=\"og:url\" content=\"https:\/\/www.closdespins.ch\/de\/datenschutzbestimmungen\/\" \/>\n<meta property=\"og:site_name\" content=\"Domaine du Clos des Pins\" \/>\n<meta property=\"article:modified_time\" content=\"2023-09-04T08:44:40+00:00\" \/>\n<meta name=\"twitter:card\" content=\"summary_large_image\" \/>\n<meta name=\"twitter:label1\" content=\"Gesch\u00e4tzte Lesezeit\" \/>\n\t<meta name=\"twitter:data1\" content=\"3\u00a0Minuten\" \/>\n<script type=\"application\/ld+json\" class=\"yoast-schema-graph\">{\"@context\":\"https:\/\/schema.org\",\"@graph\":[{\"@type\":\"WebPage\",\"@id\":\"https:\/\/www.closdespins.ch\/de\/datenschutzbestimmungen\/\",\"url\":\"https:\/\/www.closdespins.ch\/de\/datenschutzbestimmungen\/\",\"name\":\"Datenschutzerkl\u00e4rung - Domaine du Clos des Pins\",\"isPartOf\":{\"@id\":\"https:\/\/www.closdespins.ch\/#website\"},\"datePublished\":\"2018-05-24T15:00:37+00:00\",\"dateModified\":\"2023-09-04T08:44:40+00:00\",\"breadcrumb\":{\"@id\":\"https:\/\/www.closdespins.ch\/de\/datenschutzbestimmungen\/#breadcrumb\"},\"inLanguage\":\"de\",\"potentialAction\":[{\"@type\":\"ReadAction\",\"target\":[\"https:\/\/www.closdespins.ch\/de\/datenschutzbestimmungen\/\"]}]},{\"@type\":\"BreadcrumbList\",\"@id\":\"https:\/\/www.closdespins.ch\/de\/datenschutzbestimmungen\/#breadcrumb\",\"itemListElement\":[{\"@type\":\"ListItem\",\"position\":1,\"name\":\"Accueil\",\"item\":\"https:\/\/www.closdespins.ch\/de\/startseite\/\"},{\"@type\":\"ListItem\",\"position\":2,\"name\":\"Datenschutzerkl\u00e4rung\"}]},{\"@type\":\"WebSite\",\"@id\":\"https:\/\/www.closdespins.ch\/#website\",\"url\":\"https:\/\/www.closdespins.ch\/\",\"name\":\"Domaine du Clos des Pins\",\"description\":\"Marc Ramu - Vigneron-Encaveur Dardagny\",\"publisher\":{\"@id\":\"https:\/\/www.closdespins.ch\/#organization\"},\"potentialAction\":[{\"@type\":\"SearchAction\",\"target\":{\"@type\":\"EntryPoint\",\"urlTemplate\":\"https:\/\/www.closdespins.ch\/?s={search_term_string}\"},\"query-input\":{\"@type\":\"PropertyValueSpecification\",\"valueRequired\":true,\"valueName\":\"search_term_string\"}}],\"inLanguage\":\"de\"},{\"@type\":\"Organization\",\"@id\":\"https:\/\/www.closdespins.ch\/#organization\",\"name\":\"Domaine du Clos des Pins\",\"url\":\"https:\/\/www.closdespins.ch\/\",\"logo\":{\"@type\":\"ImageObject\",\"inLanguage\":\"de\",\"@id\":\"https:\/\/www.closdespins.ch\/#\/schema\/logo\/image\/\",\"url\":\"https:\/\/www.closdespins.ch\/wp-content\/uploads\/2016\/08\/logoclosdespins400400.jpg\",\"contentUrl\":\"https:\/\/www.closdespins.ch\/wp-content\/uploads\/2016\/08\/logoclosdespins400400.jpg\",\"width\":400,\"height\":400,\"caption\":\"Domaine du Clos des Pins\"},\"image\":{\"@id\":\"https:\/\/www.closdespins.ch\/#\/schema\/logo\/image\/\"}}]}<\/script>\n<!-- \/ Yoast SEO plugin. -->","yoast_head_json":{"title":"Datenschutzerkl\u00e4rung - Domaine du Clos des Pins","robots":{"index":"index","follow":"follow","max-snippet":"max-snippet:-1","max-image-preview":"max-image-preview:large","max-video-preview":"max-video-preview:-1"},"canonical":"https:\/\/www.closdespins.ch\/de\/datenschutzbestimmungen\/","og_locale":"de_DE","og_type":"article","og_title":"Datenschutzerkl\u00e4rung - Domaine du Clos des Pins","og_description":"[vc_row][vc_column width=&#8220;1\/6&#8243;][\/vc_column][vc_column width=&#8220;2\/3&#8243;][vc_empty_space height=&#8220;60px&#8220;][vc_column_text] Datenschutzerkl\u00e4rung &nbsp; Wer sind wir? Die Adresse unserer Webseite ist: https:\/\/www.closdespins.ch. Diese Webseite ist Eigentum von Marc Ramu. Alle Kontaktinformationen finden Sie auf unserer Kontaktseite. &nbsp; Nutzung personenbezogener Daten Welche Daten werden gesammelt und wie werden sie benutzt? Wir sammeln nur die von Ihnen angegebenen personenbezogenen Daten, die wir f\u00fcr die &hellip;","og_url":"https:\/\/www.closdespins.ch\/de\/datenschutzbestimmungen\/","og_site_name":"Domaine du Clos des Pins","article_modified_time":"2023-09-04T08:44:40+00:00","twitter_card":"summary_large_image","twitter_misc":{"Gesch\u00e4tzte Lesezeit":"3\u00a0Minuten"},"schema":{"@context":"https:\/\/schema.org","@graph":[{"@type":"WebPage","@id":"https:\/\/www.closdespins.ch\/de\/datenschutzbestimmungen\/","url":"https:\/\/www.closdespins.ch\/de\/datenschutzbestimmungen\/","name":"Datenschutzerkl\u00e4rung - Domaine du Clos des Pins","isPartOf":{"@id":"https:\/\/www.closdespins.ch\/#website"},"datePublished":"2018-05-24T15:00:37+00:00","dateModified":"2023-09-04T08:44:40+00:00","breadcrumb":{"@id":"https:\/\/www.closdespins.ch\/de\/datenschutzbestimmungen\/#breadcrumb"},"inLanguage":"de","potentialAction":[{"@type":"ReadAction","target":["https:\/\/www.closdespins.ch\/de\/datenschutzbestimmungen\/"]}]},{"@type":"BreadcrumbList","@id":"https:\/\/www.closdespins.ch\/de\/datenschutzbestimmungen\/#breadcrumb","itemListElement":[{"@type":"ListItem","position":1,"name":"Accueil","item":"https:\/\/www.closdespins.ch\/de\/startseite\/"},{"@type":"ListItem","position":2,"name":"Datenschutzerkl\u00e4rung"}]},{"@type":"WebSite","@id":"https:\/\/www.closdespins.ch\/#website","url":"https:\/\/www.closdespins.ch\/","name":"Domaine du Clos des Pins","description":"Marc Ramu - Vigneron-Encaveur Dardagny","publisher":{"@id":"https:\/\/www.closdespins.ch\/#organization"},"potentialAction":[{"@type":"SearchAction","target":{"@type":"EntryPoint","urlTemplate":"https:\/\/www.closdespins.ch\/?s={search_term_string}"},"query-input":{"@type":"PropertyValueSpecification","valueRequired":true,"valueName":"search_term_string"}}],"inLanguage":"de"},{"@type":"Organization","@id":"https:\/\/www.closdespins.ch\/#organization","name":"Domaine du Clos des Pins","url":"https:\/\/www.closdespins.ch\/","logo":{"@type":"ImageObject","inLanguage":"de","@id":"https:\/\/www.closdespins.ch\/#\/schema\/logo\/image\/","url":"https:\/\/www.closdespins.ch\/wp-content\/uploads\/2016\/08\/logoclosdespins400400.jpg","contentUrl":"https:\/\/www.closdespins.ch\/wp-content\/uploads\/2016\/08\/logoclosdespins400400.jpg","width":400,"height":400,"caption":"Domaine du Clos des Pins"},"image":{"@id":"https:\/\/www.closdespins.ch\/#\/schema\/logo\/image\/"}}]}},"jetpack_sharing_enabled":true,"jetpack_shortlink":"https:\/\/wp.me\/P8Qm4O-Il","jetpack-related-posts":[],"_links":{"self":[{"href":"https:\/\/www.closdespins.ch\/de\/wp-json\/wp\/v2\/pages\/2749","targetHints":{"allow":["GET"]}}],"collection":[{"href":"https:\/\/www.closdespins.ch\/de\/wp-json\/wp\/v2\/pages"}],"about":[{"href":"https:\/\/www.closdespins.ch\/de\/wp-json\/wp\/v2\/types\/page"}],"author":[{"embeddable":true,"href":"https:\/\/www.closdespins.ch\/de\/wp-json\/wp\/v2\/users\/15"}],"replies":[{"embeddable":true,"href":"https:\/\/www.closdespins.ch\/de\/wp-json\/wp\/v2\/comments?post=2749"}],"version-history":[{"count":14,"href":"https:\/\/www.closdespins.ch\/de\/wp-json\/wp\/v2\/pages\/2749\/revisions"}],"predecessor-version":[{"id":2771,"href":"https:\/\/www.closdespins.ch\/de\/wp-json\/wp\/v2\/pages\/2749\/revisions\/2771"}],"wp:attachment":[{"href":"https:\/\/www.closdespins.ch\/de\/wp-json\/wp\/v2\/media?parent=2749"}],"curies":[{"name":"wp","href":"https:\/\/api.w.org\/{rel}","templated":true}]}}