{"id":2679,"date":"2016-08-31T22:53:17","date_gmt":"2016-08-31T20:53:17","guid":{"rendered":"https:\/\/www.closdespins.ch\/produit\/gamaret-mandragore\/"},"modified":"2023-08-23T15:08:40","modified_gmt":"2023-08-23T13:08:40","slug":"gamaret","status":"publish","type":"product","link":"https:\/\/www.closdespins.ch\/de\/produit\/gamaret\/","title":{"rendered":"Gamaret Mandragore"},"content":{"rendered":"","protected":false},"excerpt":{"rendered":"<p>Rote Rebsorte aus der Schweiz, die durch Kreuzung gez\u00fcchtet wurde. Der Gamaret, der gegen Krankheiten sehr resistent ist, wurde im Jahr 1990 in das Weingut eingef\u00fchrt. Er zeichnet sich durch seine kleine Beeren aus, die dem Wein eine tiefe rote Farbe geben.<\/p>\n<p>Im Jahr 2015 wurde unser Gamaret bei <a href=\"http:\/\/www.mdvs.ch\" target=\"_blank\" rel=\"noopener noreferrer\">m\u00e9moire du vin Suisse<\/a> aufgenommen.<\/p>\n<p>Die einj\u00e4hrige Lagerung im Fass erzeugt Kirschen- und Pflaumenaromen. Rund im Mund, erinnert der Wein an kandierte Fr\u00fcchte und erf\u00fcllt den Gaumen mit seidenweichem Tannin.<\/p>\n<p>Um mehr \u00fcber \u201eM\u00e9moire des Vins Suisses\u201c zu erfahren, klicken Sie bitte <a href=\"http:\/\/www.mdvs.ch\" target=\"_blank\" rel=\"noopener noreferrer\">hier.<\/a><\/p>\n<p>Anbei finden Sie ein Youtube-Video, in dem eine angeleitete Verkostung unseres Gamarets von der Vereinigung VINEA gef\u00fchrt wird: <a href=\"https:\/\/youtu.be\/5sEpDEnrBQ0\">die Verkostung anschauen.<\/a><\/p>\n","protected":false},"featured_media":2444,"template":"","meta":{"jetpack_post_was_ever_published":false},"product_brand":[],"product_cat":[156],"product_tag":[],"class_list":{"0":"post-2679","1":"product","2":"type-product","3":"status-publish","4":"has-post-thumbnail","6":"product_cat-rot-und-roseweine","8":"first","9":"instock","10":"taxable","11":"shipping-taxable","12":"purchasable","13":"product-type-variable","14":"has-default-attributes"},"yoast_head":"<!-- This site is optimized with the Yoast SEO plugin v27.2 - https:\/\/yoast.com\/product\/yoast-seo-wordpress\/ -->\n<title>Gamaret Mandragore - Domaine du Clos des Pins<\/title>\n<meta name=\"robots\" content=\"index, follow, max-snippet:-1, max-image-preview:large, max-video-preview:-1\" \/>\n<link rel=\"canonical\" href=\"https:\/\/www.closdespins.ch\/produit\/gamaret\/\" \/>\n<meta property=\"og:locale\" content=\"de_DE\" \/>\n<meta property=\"og:type\" content=\"article\" \/>\n<meta property=\"og:title\" content=\"Gamaret Mandragore - Domaine du Clos des Pins\" \/>\n<meta property=\"og:description\" content=\"Rote Rebsorte aus der Schweiz, die durch Kreuzung gez\u00fcchtet wurde. Der Gamaret, der gegen Krankheiten sehr resistent ist, wurde im Jahr 1990 in das Weingut eingef\u00fchrt. Er zeichnet sich durch seine kleine Beeren aus, die dem Wein eine tiefe rote Farbe geben. Im Jahr 2015 wurde unser Gamaret bei m\u00e9moire du vin Suisse aufgenommen. Die einj\u00e4hrige Lagerung im Fass erzeugt Kirschen- und Pflaumenaromen. Rund im Mund, erinnert der Wein an kandierte Fr\u00fcchte und erf\u00fcllt den Gaumen mit seidenweichem Tannin. Um mehr \u00fcber \u201eM\u00e9moire des Vins Suisses\u201c zu erfahren, klicken Sie bitte hier. Anbei finden Sie ein Youtube-Video, in dem eine angeleitete Verkostung unseres Gamarets von der Vereinigung VINEA gef\u00fchrt wird: die Verkostung anschauen.\" \/>\n<meta property=\"og:url\" content=\"https:\/\/www.closdespins.ch\/produit\/gamaret\/\" \/>\n<meta property=\"og:site_name\" content=\"Domaine du Clos des Pins\" \/>\n<meta property=\"article:modified_time\" content=\"2023-08-23T13:08:40+00:00\" \/>\n<meta property=\"og:image\" content=\"https:\/\/www.closdespins.ch\/wp-content\/uploads\/2016\/08\/Mandragore-70-1064x1064.jpg\" \/>\n\t<meta property=\"og:image:width\" content=\"1064\" \/>\n\t<meta property=\"og:image:height\" content=\"1064\" \/>\n\t<meta property=\"og:image:type\" content=\"image\/jpeg\" \/>\n<meta name=\"twitter:card\" content=\"summary_large_image\" \/>\n<script type=\"application\/ld+json\" class=\"yoast-schema-graph\">{\"@context\":\"https:\/\/schema.org\",\"@graph\":[{\"@type\":\"WebPage\",\"@id\":\"https:\/\/www.closdespins.ch\/produit\/gamaret\/\",\"url\":\"https:\/\/www.closdespins.ch\/produit\/gamaret\/\",\"name\":\"Gamaret Mandragore - Domaine du Clos des Pins\",\"isPartOf\":{\"@id\":\"https:\/\/www.closdespins.ch\/#website\"},\"primaryImageOfPage\":{\"@id\":\"https:\/\/www.closdespins.ch\/produit\/gamaret\/#primaryimage\"},\"image\":{\"@id\":\"https:\/\/www.closdespins.ch\/produit\/gamaret\/#primaryimage\"},\"thumbnailUrl\":\"https:\/\/www.closdespins.ch\/wp-content\/uploads\/2016\/08\/Mandragore-70-1064x1064.jpg\",\"datePublished\":\"2016-08-31T20:53:17+00:00\",\"dateModified\":\"2023-08-23T13:08:40+00:00\",\"breadcrumb\":{\"@id\":\"https:\/\/www.closdespins.ch\/produit\/gamaret\/#breadcrumb\"},\"inLanguage\":\"de\",\"potentialAction\":[{\"@type\":\"ReadAction\",\"target\":[\"https:\/\/www.closdespins.ch\/produit\/gamaret\/\"]}]},{\"@type\":\"ImageObject\",\"inLanguage\":\"de\",\"@id\":\"https:\/\/www.closdespins.ch\/produit\/gamaret\/#primaryimage\",\"url\":\"https:\/\/www.closdespins.ch\/wp-content\/uploads\/2016\/08\/Mandragore-70-1064x1064.jpg\",\"contentUrl\":\"https:\/\/www.closdespins.ch\/wp-content\/uploads\/2016\/08\/Mandragore-70-1064x1064.jpg\",\"width\":1064,\"height\":1064,\"caption\":\"Gamaret Mandragore 70cl. clos des Pins Dardagny\"},{\"@type\":\"BreadcrumbList\",\"@id\":\"https:\/\/www.closdespins.ch\/produit\/gamaret\/#breadcrumb\",\"itemListElement\":[{\"@type\":\"ListItem\",\"position\":1,\"name\":\"Accueil\",\"item\":\"https:\/\/www.closdespins.ch\/de\/startseite\/\"},{\"@type\":\"ListItem\",\"position\":2,\"name\":\"Shop\",\"item\":\"https:\/\/www.closdespins.ch\/de\/shop\/\"},{\"@type\":\"ListItem\",\"position\":3,\"name\":\"Gamaret Mandragore\"}]},{\"@type\":\"WebSite\",\"@id\":\"https:\/\/www.closdespins.ch\/#website\",\"url\":\"https:\/\/www.closdespins.ch\/\",\"name\":\"Domaine du Clos des Pins\",\"description\":\"Marc Ramu - Vigneron-Encaveur Dardagny\",\"publisher\":{\"@id\":\"https:\/\/www.closdespins.ch\/#organization\"},\"potentialAction\":[{\"@type\":\"SearchAction\",\"target\":{\"@type\":\"EntryPoint\",\"urlTemplate\":\"https:\/\/www.closdespins.ch\/?s={search_term_string}\"},\"query-input\":{\"@type\":\"PropertyValueSpecification\",\"valueRequired\":true,\"valueName\":\"search_term_string\"}}],\"inLanguage\":\"de\"},{\"@type\":\"Organization\",\"@id\":\"https:\/\/www.closdespins.ch\/#organization\",\"name\":\"Domaine du Clos des Pins\",\"url\":\"https:\/\/www.closdespins.ch\/\",\"logo\":{\"@type\":\"ImageObject\",\"inLanguage\":\"de\",\"@id\":\"https:\/\/www.closdespins.ch\/#\/schema\/logo\/image\/\",\"url\":\"https:\/\/www.closdespins.ch\/wp-content\/uploads\/2016\/08\/logoclosdespins400400.jpg\",\"contentUrl\":\"https:\/\/www.closdespins.ch\/wp-content\/uploads\/2016\/08\/logoclosdespins400400.jpg\",\"width\":400,\"height\":400,\"caption\":\"Domaine du Clos des Pins\"},\"image\":{\"@id\":\"https:\/\/www.closdespins.ch\/#\/schema\/logo\/image\/\"}}]}<\/script>\n<!-- \/ Yoast SEO plugin. -->","yoast_head_json":{"title":"Gamaret Mandragore - Domaine du Clos des Pins","robots":{"index":"index","follow":"follow","max-snippet":"max-snippet:-1","max-image-preview":"max-image-preview:large","max-video-preview":"max-video-preview:-1"},"canonical":"https:\/\/www.closdespins.ch\/produit\/gamaret\/","og_locale":"de_DE","og_type":"article","og_title":"Gamaret Mandragore - Domaine du Clos des Pins","og_description":"Rote Rebsorte aus der Schweiz, die durch Kreuzung gez\u00fcchtet wurde. Der Gamaret, der gegen Krankheiten sehr resistent ist, wurde im Jahr 1990 in das Weingut eingef\u00fchrt. Er zeichnet sich durch seine kleine Beeren aus, die dem Wein eine tiefe rote Farbe geben. Im Jahr 2015 wurde unser Gamaret bei m\u00e9moire du vin Suisse aufgenommen. Die einj\u00e4hrige Lagerung im Fass erzeugt Kirschen- und Pflaumenaromen. Rund im Mund, erinnert der Wein an kandierte Fr\u00fcchte und erf\u00fcllt den Gaumen mit seidenweichem Tannin. Um mehr \u00fcber \u201eM\u00e9moire des Vins Suisses\u201c zu erfahren, klicken Sie bitte hier. Anbei finden Sie ein Youtube-Video, in dem eine angeleitete Verkostung unseres Gamarets von der Vereinigung VINEA gef\u00fchrt wird: die Verkostung anschauen.","og_url":"https:\/\/www.closdespins.ch\/produit\/gamaret\/","og_site_name":"Domaine du Clos des Pins","article_modified_time":"2023-08-23T13:08:40+00:00","og_image":[{"width":1064,"height":1064,"url":"https:\/\/www.closdespins.ch\/wp-content\/uploads\/2016\/08\/Mandragore-70-1064x1064.jpg","type":"image\/jpeg"}],"twitter_card":"summary_large_image","schema":{"@context":"https:\/\/schema.org","@graph":[{"@type":"WebPage","@id":"https:\/\/www.closdespins.ch\/produit\/gamaret\/","url":"https:\/\/www.closdespins.ch\/produit\/gamaret\/","name":"Gamaret Mandragore - Domaine du Clos des Pins","isPartOf":{"@id":"https:\/\/www.closdespins.ch\/#website"},"primaryImageOfPage":{"@id":"https:\/\/www.closdespins.ch\/produit\/gamaret\/#primaryimage"},"image":{"@id":"https:\/\/www.closdespins.ch\/produit\/gamaret\/#primaryimage"},"thumbnailUrl":"https:\/\/www.closdespins.ch\/wp-content\/uploads\/2016\/08\/Mandragore-70-1064x1064.jpg","datePublished":"2016-08-31T20:53:17+00:00","dateModified":"2023-08-23T13:08:40+00:00","breadcrumb":{"@id":"https:\/\/www.closdespins.ch\/produit\/gamaret\/#breadcrumb"},"inLanguage":"de","potentialAction":[{"@type":"ReadAction","target":["https:\/\/www.closdespins.ch\/produit\/gamaret\/"]}]},{"@type":"ImageObject","inLanguage":"de","@id":"https:\/\/www.closdespins.ch\/produit\/gamaret\/#primaryimage","url":"https:\/\/www.closdespins.ch\/wp-content\/uploads\/2016\/08\/Mandragore-70-1064x1064.jpg","contentUrl":"https:\/\/www.closdespins.ch\/wp-content\/uploads\/2016\/08\/Mandragore-70-1064x1064.jpg","width":1064,"height":1064,"caption":"Gamaret Mandragore 70cl. clos des Pins Dardagny"},{"@type":"BreadcrumbList","@id":"https:\/\/www.closdespins.ch\/produit\/gamaret\/#breadcrumb","itemListElement":[{"@type":"ListItem","position":1,"name":"Accueil","item":"https:\/\/www.closdespins.ch\/de\/startseite\/"},{"@type":"ListItem","position":2,"name":"Shop","item":"https:\/\/www.closdespins.ch\/de\/shop\/"},{"@type":"ListItem","position":3,"name":"Gamaret Mandragore"}]},{"@type":"WebSite","@id":"https:\/\/www.closdespins.ch\/#website","url":"https:\/\/www.closdespins.ch\/","name":"Domaine du Clos des Pins","description":"Marc Ramu - Vigneron-Encaveur Dardagny","publisher":{"@id":"https:\/\/www.closdespins.ch\/#organization"},"potentialAction":[{"@type":"SearchAction","target":{"@type":"EntryPoint","urlTemplate":"https:\/\/www.closdespins.ch\/?s={search_term_string}"},"query-input":{"@type":"PropertyValueSpecification","valueRequired":true,"valueName":"search_term_string"}}],"inLanguage":"de"},{"@type":"Organization","@id":"https:\/\/www.closdespins.ch\/#organization","name":"Domaine du Clos des Pins","url":"https:\/\/www.closdespins.ch\/","logo":{"@type":"ImageObject","inLanguage":"de","@id":"https:\/\/www.closdespins.ch\/#\/schema\/logo\/image\/","url":"https:\/\/www.closdespins.ch\/wp-content\/uploads\/2016\/08\/logoclosdespins400400.jpg","contentUrl":"https:\/\/www.closdespins.ch\/wp-content\/uploads\/2016\/08\/logoclosdespins400400.jpg","width":400,"height":400,"caption":"Domaine du Clos des Pins"},"image":{"@id":"https:\/\/www.closdespins.ch\/#\/schema\/logo\/image\/"}}]}},"jetpack_sharing_enabled":true,"jetpack-related-posts":[],"_links":{"self":[{"href":"https:\/\/www.closdespins.ch\/de\/wp-json\/wp\/v2\/product\/2679","targetHints":{"allow":["GET"]}}],"collection":[{"href":"https:\/\/www.closdespins.ch\/de\/wp-json\/wp\/v2\/product"}],"about":[{"href":"https:\/\/www.closdespins.ch\/de\/wp-json\/wp\/v2\/types\/product"}],"wp:featuredmedia":[{"embeddable":true,"href":"https:\/\/www.closdespins.ch\/de\/wp-json\/wp\/v2\/media\/2444"}],"wp:attachment":[{"href":"https:\/\/www.closdespins.ch\/de\/wp-json\/wp\/v2\/media?parent=2679"}],"wp:term":[{"taxonomy":"product_brand","embeddable":true,"href":"https:\/\/www.closdespins.ch\/de\/wp-json\/wp\/v2\/product_brand?post=2679"},{"taxonomy":"product_cat","embeddable":true,"href":"https:\/\/www.closdespins.ch\/de\/wp-json\/wp\/v2\/product_cat?post=2679"},{"taxonomy":"product_tag","embeddable":true,"href":"https:\/\/www.closdespins.ch\/de\/wp-json\/wp\/v2\/product_tag?post=2679"}],"curies":[{"name":"wp","href":"https:\/\/api.w.org\/{rel}","templated":true}]}}