{"id":2683,"date":"2017-03-02T22:22:39","date_gmt":"2017-03-02T21:22:39","guid":{"rendered":"https:\/\/www.closdespins.ch\/produit\/gamaret-la-part-des-anges\/"},"modified":"2023-08-23T15:20:29","modified_gmt":"2023-08-23T13:20:29","slug":"gamaret-la-part-des-anges","status":"publish","type":"product","link":"https:\/\/www.closdespins.ch\/de\/produit\/gamaret-la-part-des-anges\/","title":{"rendered":"Gamaret \u201eLa Part des Anges\u201c"},"content":{"rendered":"","protected":false},"excerpt":{"rendered":"<p>Aus der Rebsorte Gamaret, wird dieser S\u00fc\u00dfwein durch die sogenannte Mutage sur grain erzeugt: es handelt sich um das Abstoppen der G\u00e4rung durch Zusatz von Alkohol aus dem Weingut. Dadurch werden die nat\u00fcrliche Sanftheit und alle Prim\u00e4raromen des Gamarets gewahrt.<\/p>\n<p>Dieser im Barrique ausgebaute Wein begeistert durch seine Pflaumen- und Kirscharomen und seine schmeichelnde Verbindung von Tanninen und Sanftheit.<\/p>\n","protected":false},"featured_media":2502,"template":"","meta":{"jetpack_post_was_ever_published":false},"product_brand":[],"product_cat":[154],"product_tag":[],"class_list":{"0":"post-2683","1":"product","2":"type-product","3":"status-publish","4":"has-post-thumbnail","6":"product_cat-suse-weine","8":"first","9":"outofstock","10":"taxable","11":"shipping-taxable","12":"purchasable","13":"product-type-simple"},"yoast_head":"<!-- This site is optimized with the Yoast SEO plugin v27.2 - https:\/\/yoast.com\/product\/yoast-seo-wordpress\/ -->\n<title>Gamaret \u201eLa Part des Anges\u201c - Domaine du Clos des Pins<\/title>\n<meta name=\"robots\" content=\"index, follow, max-snippet:-1, max-image-preview:large, max-video-preview:-1\" \/>\n<link rel=\"canonical\" href=\"https:\/\/www.closdespins.ch\/de\/produit\/gamaret-la-part-des-anges\/\" \/>\n<meta property=\"og:locale\" content=\"de_DE\" \/>\n<meta property=\"og:type\" content=\"article\" \/>\n<meta property=\"og:title\" content=\"Gamaret \u201eLa Part des Anges\u201c - Domaine du Clos des Pins\" \/>\n<meta property=\"og:description\" content=\"Aus der Rebsorte Gamaret, wird dieser S\u00fc\u00dfwein durch die sogenannte Mutage sur grain erzeugt: es handelt sich um das Abstoppen der G\u00e4rung durch Zusatz von Alkohol aus dem Weingut. Dadurch werden die nat\u00fcrliche Sanftheit und alle Prim\u00e4raromen des Gamarets gewahrt. Dieser im Barrique ausgebaute Wein begeistert durch seine Pflaumen- und Kirscharomen und seine schmeichelnde Verbindung von Tanninen und Sanftheit.\" \/>\n<meta property=\"og:url\" content=\"https:\/\/www.closdespins.ch\/de\/produit\/gamaret-la-part-des-anges\/\" \/>\n<meta property=\"og:site_name\" content=\"Domaine du Clos des Pins\" \/>\n<meta property=\"article:modified_time\" content=\"2023-08-23T13:20:29+00:00\" \/>\n<meta property=\"og:image\" content=\"https:\/\/www.closdespins.ch\/wp-content\/uploads\/2017\/03\/Part-des-anges2-1064x1064.jpg\" \/>\n\t<meta property=\"og:image:width\" content=\"1064\" \/>\n\t<meta property=\"og:image:height\" content=\"1064\" \/>\n\t<meta property=\"og:image:type\" content=\"image\/jpeg\" \/>\n<meta name=\"twitter:card\" content=\"summary_large_image\" \/>\n<script type=\"application\/ld+json\" class=\"yoast-schema-graph\">{\"@context\":\"https:\/\/schema.org\",\"@graph\":[{\"@type\":\"WebPage\",\"@id\":\"https:\/\/www.closdespins.ch\/de\/produit\/gamaret-la-part-des-anges\/\",\"url\":\"https:\/\/www.closdespins.ch\/de\/produit\/gamaret-la-part-des-anges\/\",\"name\":\"Gamaret \u201eLa Part des Anges\u201c - Domaine du Clos des Pins\",\"isPartOf\":{\"@id\":\"https:\/\/www.closdespins.ch\/#website\"},\"primaryImageOfPage\":{\"@id\":\"https:\/\/www.closdespins.ch\/de\/produit\/gamaret-la-part-des-anges\/#primaryimage\"},\"image\":{\"@id\":\"https:\/\/www.closdespins.ch\/de\/produit\/gamaret-la-part-des-anges\/#primaryimage\"},\"thumbnailUrl\":\"https:\/\/www.closdespins.ch\/wp-content\/uploads\/2017\/03\/Part-des-anges2-1064x1064.jpg\",\"datePublished\":\"2017-03-02T21:22:39+00:00\",\"dateModified\":\"2023-08-23T13:20:29+00:00\",\"breadcrumb\":{\"@id\":\"https:\/\/www.closdespins.ch\/de\/produit\/gamaret-la-part-des-anges\/#breadcrumb\"},\"inLanguage\":\"de\",\"potentialAction\":[{\"@type\":\"ReadAction\",\"target\":[\"https:\/\/www.closdespins.ch\/de\/produit\/gamaret-la-part-des-anges\/\"]}]},{\"@type\":\"ImageObject\",\"inLanguage\":\"de\",\"@id\":\"https:\/\/www.closdespins.ch\/de\/produit\/gamaret-la-part-des-anges\/#primaryimage\",\"url\":\"https:\/\/www.closdespins.ch\/wp-content\/uploads\/2017\/03\/Part-des-anges2-1064x1064.jpg\",\"contentUrl\":\"https:\/\/www.closdespins.ch\/wp-content\/uploads\/2017\/03\/Part-des-anges2-1064x1064.jpg\",\"width\":1064,\"height\":1064,\"caption\":\"Part des anges Domaine du Clos des Pins Marc Ramu Dardagny\"},{\"@type\":\"BreadcrumbList\",\"@id\":\"https:\/\/www.closdespins.ch\/de\/produit\/gamaret-la-part-des-anges\/#breadcrumb\",\"itemListElement\":[{\"@type\":\"ListItem\",\"position\":1,\"name\":\"Accueil\",\"item\":\"https:\/\/www.closdespins.ch\/de\/startseite\/\"},{\"@type\":\"ListItem\",\"position\":2,\"name\":\"Shop\",\"item\":\"https:\/\/www.closdespins.ch\/de\/shop\/\"},{\"@type\":\"ListItem\",\"position\":3,\"name\":\"Gamaret \u201eLa Part des Anges\u201c\"}]},{\"@type\":\"WebSite\",\"@id\":\"https:\/\/www.closdespins.ch\/#website\",\"url\":\"https:\/\/www.closdespins.ch\/\",\"name\":\"Domaine du Clos des Pins\",\"description\":\"Marc Ramu - Vigneron-Encaveur Dardagny\",\"publisher\":{\"@id\":\"https:\/\/www.closdespins.ch\/#organization\"},\"potentialAction\":[{\"@type\":\"SearchAction\",\"target\":{\"@type\":\"EntryPoint\",\"urlTemplate\":\"https:\/\/www.closdespins.ch\/?s={search_term_string}\"},\"query-input\":{\"@type\":\"PropertyValueSpecification\",\"valueRequired\":true,\"valueName\":\"search_term_string\"}}],\"inLanguage\":\"de\"},{\"@type\":\"Organization\",\"@id\":\"https:\/\/www.closdespins.ch\/#organization\",\"name\":\"Domaine du Clos des Pins\",\"url\":\"https:\/\/www.closdespins.ch\/\",\"logo\":{\"@type\":\"ImageObject\",\"inLanguage\":\"de\",\"@id\":\"https:\/\/www.closdespins.ch\/#\/schema\/logo\/image\/\",\"url\":\"https:\/\/www.closdespins.ch\/wp-content\/uploads\/2016\/08\/logoclosdespins400400.jpg\",\"contentUrl\":\"https:\/\/www.closdespins.ch\/wp-content\/uploads\/2016\/08\/logoclosdespins400400.jpg\",\"width\":400,\"height\":400,\"caption\":\"Domaine du Clos des Pins\"},\"image\":{\"@id\":\"https:\/\/www.closdespins.ch\/#\/schema\/logo\/image\/\"}}]}<\/script>\n<!-- \/ Yoast SEO plugin. -->","yoast_head_json":{"title":"Gamaret \u201eLa Part des Anges\u201c - Domaine du Clos des Pins","robots":{"index":"index","follow":"follow","max-snippet":"max-snippet:-1","max-image-preview":"max-image-preview:large","max-video-preview":"max-video-preview:-1"},"canonical":"https:\/\/www.closdespins.ch\/de\/produit\/gamaret-la-part-des-anges\/","og_locale":"de_DE","og_type":"article","og_title":"Gamaret \u201eLa Part des Anges\u201c - Domaine du Clos des Pins","og_description":"Aus der Rebsorte Gamaret, wird dieser S\u00fc\u00dfwein durch die sogenannte Mutage sur grain erzeugt: es handelt sich um das Abstoppen der G\u00e4rung durch Zusatz von Alkohol aus dem Weingut. Dadurch werden die nat\u00fcrliche Sanftheit und alle Prim\u00e4raromen des Gamarets gewahrt. Dieser im Barrique ausgebaute Wein begeistert durch seine Pflaumen- und Kirscharomen und seine schmeichelnde Verbindung von Tanninen und Sanftheit.","og_url":"https:\/\/www.closdespins.ch\/de\/produit\/gamaret-la-part-des-anges\/","og_site_name":"Domaine du Clos des Pins","article_modified_time":"2023-08-23T13:20:29+00:00","og_image":[{"width":1064,"height":1064,"url":"https:\/\/www.closdespins.ch\/wp-content\/uploads\/2017\/03\/Part-des-anges2-1064x1064.jpg","type":"image\/jpeg"}],"twitter_card":"summary_large_image","schema":{"@context":"https:\/\/schema.org","@graph":[{"@type":"WebPage","@id":"https:\/\/www.closdespins.ch\/de\/produit\/gamaret-la-part-des-anges\/","url":"https:\/\/www.closdespins.ch\/de\/produit\/gamaret-la-part-des-anges\/","name":"Gamaret \u201eLa Part des Anges\u201c - Domaine du Clos des Pins","isPartOf":{"@id":"https:\/\/www.closdespins.ch\/#website"},"primaryImageOfPage":{"@id":"https:\/\/www.closdespins.ch\/de\/produit\/gamaret-la-part-des-anges\/#primaryimage"},"image":{"@id":"https:\/\/www.closdespins.ch\/de\/produit\/gamaret-la-part-des-anges\/#primaryimage"},"thumbnailUrl":"https:\/\/www.closdespins.ch\/wp-content\/uploads\/2017\/03\/Part-des-anges2-1064x1064.jpg","datePublished":"2017-03-02T21:22:39+00:00","dateModified":"2023-08-23T13:20:29+00:00","breadcrumb":{"@id":"https:\/\/www.closdespins.ch\/de\/produit\/gamaret-la-part-des-anges\/#breadcrumb"},"inLanguage":"de","potentialAction":[{"@type":"ReadAction","target":["https:\/\/www.closdespins.ch\/de\/produit\/gamaret-la-part-des-anges\/"]}]},{"@type":"ImageObject","inLanguage":"de","@id":"https:\/\/www.closdespins.ch\/de\/produit\/gamaret-la-part-des-anges\/#primaryimage","url":"https:\/\/www.closdespins.ch\/wp-content\/uploads\/2017\/03\/Part-des-anges2-1064x1064.jpg","contentUrl":"https:\/\/www.closdespins.ch\/wp-content\/uploads\/2017\/03\/Part-des-anges2-1064x1064.jpg","width":1064,"height":1064,"caption":"Part des anges Domaine du Clos des Pins Marc Ramu Dardagny"},{"@type":"BreadcrumbList","@id":"https:\/\/www.closdespins.ch\/de\/produit\/gamaret-la-part-des-anges\/#breadcrumb","itemListElement":[{"@type":"ListItem","position":1,"name":"Accueil","item":"https:\/\/www.closdespins.ch\/de\/startseite\/"},{"@type":"ListItem","position":2,"name":"Shop","item":"https:\/\/www.closdespins.ch\/de\/shop\/"},{"@type":"ListItem","position":3,"name":"Gamaret \u201eLa Part des Anges\u201c"}]},{"@type":"WebSite","@id":"https:\/\/www.closdespins.ch\/#website","url":"https:\/\/www.closdespins.ch\/","name":"Domaine du Clos des Pins","description":"Marc Ramu - Vigneron-Encaveur Dardagny","publisher":{"@id":"https:\/\/www.closdespins.ch\/#organization"},"potentialAction":[{"@type":"SearchAction","target":{"@type":"EntryPoint","urlTemplate":"https:\/\/www.closdespins.ch\/?s={search_term_string}"},"query-input":{"@type":"PropertyValueSpecification","valueRequired":true,"valueName":"search_term_string"}}],"inLanguage":"de"},{"@type":"Organization","@id":"https:\/\/www.closdespins.ch\/#organization","name":"Domaine du Clos des Pins","url":"https:\/\/www.closdespins.ch\/","logo":{"@type":"ImageObject","inLanguage":"de","@id":"https:\/\/www.closdespins.ch\/#\/schema\/logo\/image\/","url":"https:\/\/www.closdespins.ch\/wp-content\/uploads\/2016\/08\/logoclosdespins400400.jpg","contentUrl":"https:\/\/www.closdespins.ch\/wp-content\/uploads\/2016\/08\/logoclosdespins400400.jpg","width":400,"height":400,"caption":"Domaine du Clos des Pins"},"image":{"@id":"https:\/\/www.closdespins.ch\/#\/schema\/logo\/image\/"}}]}},"jetpack_sharing_enabled":true,"jetpack-related-posts":[],"_links":{"self":[{"href":"https:\/\/www.closdespins.ch\/de\/wp-json\/wp\/v2\/product\/2683","targetHints":{"allow":["GET"]}}],"collection":[{"href":"https:\/\/www.closdespins.ch\/de\/wp-json\/wp\/v2\/product"}],"about":[{"href":"https:\/\/www.closdespins.ch\/de\/wp-json\/wp\/v2\/types\/product"}],"wp:featuredmedia":[{"embeddable":true,"href":"https:\/\/www.closdespins.ch\/de\/wp-json\/wp\/v2\/media\/2502"}],"wp:attachment":[{"href":"https:\/\/www.closdespins.ch\/de\/wp-json\/wp\/v2\/media?parent=2683"}],"wp:term":[{"taxonomy":"product_brand","embeddable":true,"href":"https:\/\/www.closdespins.ch\/de\/wp-json\/wp\/v2\/product_brand?post=2683"},{"taxonomy":"product_cat","embeddable":true,"href":"https:\/\/www.closdespins.ch\/de\/wp-json\/wp\/v2\/product_cat?post=2683"},{"taxonomy":"product_tag","embeddable":true,"href":"https:\/\/www.closdespins.ch\/de\/wp-json\/wp\/v2\/product_tag?post=2683"}],"curies":[{"name":"wp","href":"https:\/\/api.w.org\/{rel}","templated":true}]}}