{"id":2689,"date":"2017-03-02T22:14:11","date_gmt":"2017-03-02T21:14:11","guid":{"rendered":"https:\/\/www.closdespins.ch\/produit\/pinot-noir-reserve\/"},"modified":"2023-09-04T10:20:12","modified_gmt":"2023-09-04T08:20:12","slug":"pinot-noir-reserve","status":"publish","type":"product","link":"https:\/\/www.closdespins.ch\/de\/produit\/pinot-noir-reserve\/","title":{"rendered":"Pinot Noir &#8222;R\u00e9serve&#8220;"},"content":{"rendered":"","protected":false},"excerpt":{"rendered":"<p>Die Trauben dieser Cuv\u00e9e werden auf einem Grundst\u00fcck angebaut, das einen reichen und komplexen Boden hat. Bei seiner Weinherstellung wird die alte burgundische Vorgehensweise der \u201ePigeage\u201c \u00fcbernommen. Der Wein wird \u00fcber zw\u00f6lf Monate im Eichenfass gereift.<\/p>\n<p>In der Nase sind Noten von Sauerkirschen und der subtile Duft von Vanille zu erkennen. Im Mund ist es ein schmackhafter Wein, bei dem R\u00f6stnoten und rote Fr\u00fcchte sich verbinden.<\/p>\n","protected":false},"featured_media":2501,"template":"","meta":{"jetpack_post_was_ever_published":false},"product_brand":[],"product_cat":[156],"product_tag":[],"class_list":{"0":"post-2689","1":"product","2":"type-product","3":"status-publish","4":"has-post-thumbnail","6":"product_cat-rot-und-roseweine","8":"first","9":"instock","10":"taxable","11":"shipping-taxable","12":"purchasable","13":"product-type-simple"},"yoast_head":"<!-- This site is optimized with the Yoast SEO plugin v27.2 - https:\/\/yoast.com\/product\/yoast-seo-wordpress\/ -->\n<title>Pinot Noir &quot;R\u00e9serve&quot; - Domaine du Clos des Pins<\/title>\n<meta name=\"robots\" content=\"index, follow, max-snippet:-1, max-image-preview:large, max-video-preview:-1\" \/>\n<link rel=\"canonical\" href=\"https:\/\/www.closdespins.ch\/produit\/pinot-noir-reserve\/\" \/>\n<meta property=\"og:locale\" content=\"de_DE\" \/>\n<meta property=\"og:type\" content=\"article\" \/>\n<meta property=\"og:title\" content=\"Pinot Noir &quot;R\u00e9serve&quot; - Domaine du Clos des Pins\" \/>\n<meta property=\"og:description\" content=\"Die Trauben dieser Cuv\u00e9e werden auf einem Grundst\u00fcck angebaut, das einen reichen und komplexen Boden hat. Bei seiner Weinherstellung wird die alte burgundische Vorgehensweise der \u201ePigeage\u201c \u00fcbernommen. Der Wein wird \u00fcber zw\u00f6lf Monate im Eichenfass gereift. In der Nase sind Noten von Sauerkirschen und der subtile Duft von Vanille zu erkennen. Im Mund ist es ein schmackhafter Wein, bei dem R\u00f6stnoten und rote Fr\u00fcchte sich verbinden.\" \/>\n<meta property=\"og:url\" content=\"https:\/\/www.closdespins.ch\/produit\/pinot-noir-reserve\/\" \/>\n<meta property=\"og:site_name\" content=\"Domaine du Clos des Pins\" \/>\n<meta property=\"article:modified_time\" content=\"2023-09-04T08:20:12+00:00\" \/>\n<meta property=\"og:image\" content=\"https:\/\/www.closdespins.ch\/wp-content\/uploads\/2017\/03\/Pinot-Noir-fut-70-1064x1064.jpg\" \/>\n\t<meta property=\"og:image:width\" content=\"1064\" \/>\n\t<meta property=\"og:image:height\" content=\"1064\" \/>\n\t<meta property=\"og:image:type\" content=\"image\/jpeg\" \/>\n<meta name=\"twitter:card\" content=\"summary_large_image\" \/>\n<script type=\"application\/ld+json\" class=\"yoast-schema-graph\">{\"@context\":\"https:\/\/schema.org\",\"@graph\":[{\"@type\":\"WebPage\",\"@id\":\"https:\/\/www.closdespins.ch\/produit\/pinot-noir-reserve\/\",\"url\":\"https:\/\/www.closdespins.ch\/produit\/pinot-noir-reserve\/\",\"name\":\"Pinot Noir \\\"R\u00e9serve\\\" - Domaine du Clos des Pins\",\"isPartOf\":{\"@id\":\"https:\/\/www.closdespins.ch\/#website\"},\"primaryImageOfPage\":{\"@id\":\"https:\/\/www.closdespins.ch\/produit\/pinot-noir-reserve\/#primaryimage\"},\"image\":{\"@id\":\"https:\/\/www.closdespins.ch\/produit\/pinot-noir-reserve\/#primaryimage\"},\"thumbnailUrl\":\"https:\/\/www.closdespins.ch\/wp-content\/uploads\/2017\/03\/Pinot-Noir-fut-70-1064x1064.jpg\",\"datePublished\":\"2017-03-02T21:14:11+00:00\",\"dateModified\":\"2023-09-04T08:20:12+00:00\",\"breadcrumb\":{\"@id\":\"https:\/\/www.closdespins.ch\/produit\/pinot-noir-reserve\/#breadcrumb\"},\"inLanguage\":\"de\",\"potentialAction\":[{\"@type\":\"ReadAction\",\"target\":[\"https:\/\/www.closdespins.ch\/produit\/pinot-noir-reserve\/\"]}]},{\"@type\":\"ImageObject\",\"inLanguage\":\"de\",\"@id\":\"https:\/\/www.closdespins.ch\/produit\/pinot-noir-reserve\/#primaryimage\",\"url\":\"https:\/\/www.closdespins.ch\/wp-content\/uploads\/2017\/03\/Pinot-Noir-fut-70-1064x1064.jpg\",\"contentUrl\":\"https:\/\/www.closdespins.ch\/wp-content\/uploads\/2017\/03\/Pinot-Noir-fut-70-1064x1064.jpg\",\"width\":1064,\"height\":1064,\"caption\":\"Pinot Noir Fut Reserve Clos Des Pins Dardagny\"},{\"@type\":\"BreadcrumbList\",\"@id\":\"https:\/\/www.closdespins.ch\/produit\/pinot-noir-reserve\/#breadcrumb\",\"itemListElement\":[{\"@type\":\"ListItem\",\"position\":1,\"name\":\"Accueil\",\"item\":\"https:\/\/www.closdespins.ch\/de\/startseite\/\"},{\"@type\":\"ListItem\",\"position\":2,\"name\":\"Shop\",\"item\":\"https:\/\/www.closdespins.ch\/de\/shop\/\"},{\"@type\":\"ListItem\",\"position\":3,\"name\":\"Pinot Noir \u00ab\u00a0R\u00e9serve\u00a0\u00bb\"}]},{\"@type\":\"WebSite\",\"@id\":\"https:\/\/www.closdespins.ch\/#website\",\"url\":\"https:\/\/www.closdespins.ch\/\",\"name\":\"Domaine du Clos des Pins\",\"description\":\"Marc Ramu - Vigneron-Encaveur Dardagny\",\"publisher\":{\"@id\":\"https:\/\/www.closdespins.ch\/#organization\"},\"potentialAction\":[{\"@type\":\"SearchAction\",\"target\":{\"@type\":\"EntryPoint\",\"urlTemplate\":\"https:\/\/www.closdespins.ch\/?s={search_term_string}\"},\"query-input\":{\"@type\":\"PropertyValueSpecification\",\"valueRequired\":true,\"valueName\":\"search_term_string\"}}],\"inLanguage\":\"de\"},{\"@type\":\"Organization\",\"@id\":\"https:\/\/www.closdespins.ch\/#organization\",\"name\":\"Domaine du Clos des Pins\",\"url\":\"https:\/\/www.closdespins.ch\/\",\"logo\":{\"@type\":\"ImageObject\",\"inLanguage\":\"de\",\"@id\":\"https:\/\/www.closdespins.ch\/#\/schema\/logo\/image\/\",\"url\":\"https:\/\/www.closdespins.ch\/wp-content\/uploads\/2016\/08\/logoclosdespins400400.jpg\",\"contentUrl\":\"https:\/\/www.closdespins.ch\/wp-content\/uploads\/2016\/08\/logoclosdespins400400.jpg\",\"width\":400,\"height\":400,\"caption\":\"Domaine du Clos des Pins\"},\"image\":{\"@id\":\"https:\/\/www.closdespins.ch\/#\/schema\/logo\/image\/\"}}]}<\/script>\n<!-- \/ Yoast SEO plugin. -->","yoast_head_json":{"title":"Pinot Noir \"R\u00e9serve\" - Domaine du Clos des Pins","robots":{"index":"index","follow":"follow","max-snippet":"max-snippet:-1","max-image-preview":"max-image-preview:large","max-video-preview":"max-video-preview:-1"},"canonical":"https:\/\/www.closdespins.ch\/produit\/pinot-noir-reserve\/","og_locale":"de_DE","og_type":"article","og_title":"Pinot Noir \"R\u00e9serve\" - Domaine du Clos des Pins","og_description":"Die Trauben dieser Cuv\u00e9e werden auf einem Grundst\u00fcck angebaut, das einen reichen und komplexen Boden hat. Bei seiner Weinherstellung wird die alte burgundische Vorgehensweise der \u201ePigeage\u201c \u00fcbernommen. Der Wein wird \u00fcber zw\u00f6lf Monate im Eichenfass gereift. In der Nase sind Noten von Sauerkirschen und der subtile Duft von Vanille zu erkennen. Im Mund ist es ein schmackhafter Wein, bei dem R\u00f6stnoten und rote Fr\u00fcchte sich verbinden.","og_url":"https:\/\/www.closdespins.ch\/produit\/pinot-noir-reserve\/","og_site_name":"Domaine du Clos des Pins","article_modified_time":"2023-09-04T08:20:12+00:00","og_image":[{"width":1064,"height":1064,"url":"https:\/\/www.closdespins.ch\/wp-content\/uploads\/2017\/03\/Pinot-Noir-fut-70-1064x1064.jpg","type":"image\/jpeg"}],"twitter_card":"summary_large_image","schema":{"@context":"https:\/\/schema.org","@graph":[{"@type":"WebPage","@id":"https:\/\/www.closdespins.ch\/produit\/pinot-noir-reserve\/","url":"https:\/\/www.closdespins.ch\/produit\/pinot-noir-reserve\/","name":"Pinot Noir \"R\u00e9serve\" - Domaine du Clos des Pins","isPartOf":{"@id":"https:\/\/www.closdespins.ch\/#website"},"primaryImageOfPage":{"@id":"https:\/\/www.closdespins.ch\/produit\/pinot-noir-reserve\/#primaryimage"},"image":{"@id":"https:\/\/www.closdespins.ch\/produit\/pinot-noir-reserve\/#primaryimage"},"thumbnailUrl":"https:\/\/www.closdespins.ch\/wp-content\/uploads\/2017\/03\/Pinot-Noir-fut-70-1064x1064.jpg","datePublished":"2017-03-02T21:14:11+00:00","dateModified":"2023-09-04T08:20:12+00:00","breadcrumb":{"@id":"https:\/\/www.closdespins.ch\/produit\/pinot-noir-reserve\/#breadcrumb"},"inLanguage":"de","potentialAction":[{"@type":"ReadAction","target":["https:\/\/www.closdespins.ch\/produit\/pinot-noir-reserve\/"]}]},{"@type":"ImageObject","inLanguage":"de","@id":"https:\/\/www.closdespins.ch\/produit\/pinot-noir-reserve\/#primaryimage","url":"https:\/\/www.closdespins.ch\/wp-content\/uploads\/2017\/03\/Pinot-Noir-fut-70-1064x1064.jpg","contentUrl":"https:\/\/www.closdespins.ch\/wp-content\/uploads\/2017\/03\/Pinot-Noir-fut-70-1064x1064.jpg","width":1064,"height":1064,"caption":"Pinot Noir Fut Reserve Clos Des Pins Dardagny"},{"@type":"BreadcrumbList","@id":"https:\/\/www.closdespins.ch\/produit\/pinot-noir-reserve\/#breadcrumb","itemListElement":[{"@type":"ListItem","position":1,"name":"Accueil","item":"https:\/\/www.closdespins.ch\/de\/startseite\/"},{"@type":"ListItem","position":2,"name":"Shop","item":"https:\/\/www.closdespins.ch\/de\/shop\/"},{"@type":"ListItem","position":3,"name":"Pinot Noir \u00ab\u00a0R\u00e9serve\u00a0\u00bb"}]},{"@type":"WebSite","@id":"https:\/\/www.closdespins.ch\/#website","url":"https:\/\/www.closdespins.ch\/","name":"Domaine du Clos des Pins","description":"Marc Ramu - Vigneron-Encaveur Dardagny","publisher":{"@id":"https:\/\/www.closdespins.ch\/#organization"},"potentialAction":[{"@type":"SearchAction","target":{"@type":"EntryPoint","urlTemplate":"https:\/\/www.closdespins.ch\/?s={search_term_string}"},"query-input":{"@type":"PropertyValueSpecification","valueRequired":true,"valueName":"search_term_string"}}],"inLanguage":"de"},{"@type":"Organization","@id":"https:\/\/www.closdespins.ch\/#organization","name":"Domaine du Clos des Pins","url":"https:\/\/www.closdespins.ch\/","logo":{"@type":"ImageObject","inLanguage":"de","@id":"https:\/\/www.closdespins.ch\/#\/schema\/logo\/image\/","url":"https:\/\/www.closdespins.ch\/wp-content\/uploads\/2016\/08\/logoclosdespins400400.jpg","contentUrl":"https:\/\/www.closdespins.ch\/wp-content\/uploads\/2016\/08\/logoclosdespins400400.jpg","width":400,"height":400,"caption":"Domaine du Clos des Pins"},"image":{"@id":"https:\/\/www.closdespins.ch\/#\/schema\/logo\/image\/"}}]}},"jetpack_sharing_enabled":true,"jetpack-related-posts":[],"_links":{"self":[{"href":"https:\/\/www.closdespins.ch\/de\/wp-json\/wp\/v2\/product\/2689","targetHints":{"allow":["GET"]}}],"collection":[{"href":"https:\/\/www.closdespins.ch\/de\/wp-json\/wp\/v2\/product"}],"about":[{"href":"https:\/\/www.closdespins.ch\/de\/wp-json\/wp\/v2\/types\/product"}],"wp:featuredmedia":[{"embeddable":true,"href":"https:\/\/www.closdespins.ch\/de\/wp-json\/wp\/v2\/media\/2501"}],"wp:attachment":[{"href":"https:\/\/www.closdespins.ch\/de\/wp-json\/wp\/v2\/media?parent=2689"}],"wp:term":[{"taxonomy":"product_brand","embeddable":true,"href":"https:\/\/www.closdespins.ch\/de\/wp-json\/wp\/v2\/product_brand?post=2689"},{"taxonomy":"product_cat","embeddable":true,"href":"https:\/\/www.closdespins.ch\/de\/wp-json\/wp\/v2\/product_cat?post=2689"},{"taxonomy":"product_tag","embeddable":true,"href":"https:\/\/www.closdespins.ch\/de\/wp-json\/wp\/v2\/product_tag?post=2689"}],"curies":[{"name":"wp","href":"https:\/\/api.w.org\/{rel}","templated":true}]}}