{"id":2709,"date":"2017-01-18T22:18:16","date_gmt":"2017-01-18T21:18:16","guid":{"rendered":"https:\/\/www.closdespins.ch\/produit\/pinot-blanc-les-pins\/"},"modified":"2023-09-04T10:23:53","modified_gmt":"2023-09-04T08:23:53","slug":"pinot-blanc-fut","status":"publish","type":"product","link":"https:\/\/www.closdespins.ch\/de\/produit\/pinot-blanc-fut\/","title":{"rendered":"Pinot Blanc &#8222;Les Pins&#8220;"},"content":{"rendered":"","protected":false},"excerpt":{"rendered":"<p>Im Eichenfass ausgebaut und nach der Vorgehensweise der B\u00e2tonnage (Aufr\u00fchren der verbleibenden Hefe) hergestellt. Dieser Wein ist f\u00fcr eine l\u00e4ngere Lagerung geeignet.<\/p>\n<p>Sein ganzes Potenzial ist erst nach ein paar Jahren zu erkennen. Das intensive Bouquet zeichnet sich durch Brioche- und Mandelnaromen aus. Am Gaumen ist der Wein breit und weinig, mit Noten von ger\u00f6steten und seidenweichen Vanille-Noten.<\/p>\n","protected":false},"featured_media":2477,"template":"","meta":{"jetpack_post_was_ever_published":false},"product_brand":[],"product_cat":[120],"product_tag":[],"class_list":{"0":"post-2709","1":"product","2":"type-product","3":"status-publish","4":"has-post-thumbnail","6":"product_cat-weiss-weine","8":"first","9":"instock","10":"taxable","11":"shipping-taxable","12":"purchasable","13":"product-type-simple"},"yoast_head":"<!-- This site is optimized with the Yoast SEO plugin v27.2 - https:\/\/yoast.com\/product\/yoast-seo-wordpress\/ -->\n<title>Pinot Blanc &quot;Les Pins&quot; - Domaine du Clos des Pins<\/title>\n<meta name=\"robots\" content=\"index, follow, max-snippet:-1, max-image-preview:large, max-video-preview:-1\" \/>\n<link rel=\"canonical\" href=\"https:\/\/www.closdespins.ch\/produit\/pinot-blanc-fut\/\" \/>\n<meta property=\"og:locale\" content=\"de_DE\" \/>\n<meta property=\"og:type\" content=\"article\" \/>\n<meta property=\"og:title\" content=\"Pinot Blanc &quot;Les Pins&quot; - Domaine du Clos des Pins\" \/>\n<meta property=\"og:description\" content=\"Im Eichenfass ausgebaut und nach der Vorgehensweise der B\u00e2tonnage (Aufr\u00fchren der verbleibenden Hefe) hergestellt. Dieser Wein ist f\u00fcr eine l\u00e4ngere Lagerung geeignet. Sein ganzes Potenzial ist erst nach ein paar Jahren zu erkennen. Das intensive Bouquet zeichnet sich durch Brioche- und Mandelnaromen aus. Am Gaumen ist der Wein breit und weinig, mit Noten von ger\u00f6steten und seidenweichen Vanille-Noten.\" \/>\n<meta property=\"og:url\" content=\"https:\/\/www.closdespins.ch\/produit\/pinot-blanc-fut\/\" \/>\n<meta property=\"og:site_name\" content=\"Domaine du Clos des Pins\" \/>\n<meta property=\"article:modified_time\" content=\"2023-09-04T08:23:53+00:00\" \/>\n<meta property=\"og:image\" content=\"https:\/\/www.closdespins.ch\/wp-content\/uploads\/2017\/01\/Pinot-Blanc-Fut-70-1064x1064.jpg\" \/>\n\t<meta property=\"og:image:width\" content=\"1064\" \/>\n\t<meta property=\"og:image:height\" content=\"1064\" \/>\n\t<meta property=\"og:image:type\" content=\"image\/jpeg\" \/>\n<meta name=\"twitter:card\" content=\"summary_large_image\" \/>\n<script type=\"application\/ld+json\" class=\"yoast-schema-graph\">{\"@context\":\"https:\/\/schema.org\",\"@graph\":[{\"@type\":\"WebPage\",\"@id\":\"https:\/\/www.closdespins.ch\/produit\/pinot-blanc-fut\/\",\"url\":\"https:\/\/www.closdespins.ch\/produit\/pinot-blanc-fut\/\",\"name\":\"Pinot Blanc \\\"Les Pins\\\" - Domaine du Clos des Pins\",\"isPartOf\":{\"@id\":\"https:\/\/www.closdespins.ch\/#website\"},\"primaryImageOfPage\":{\"@id\":\"https:\/\/www.closdespins.ch\/produit\/pinot-blanc-fut\/#primaryimage\"},\"image\":{\"@id\":\"https:\/\/www.closdespins.ch\/produit\/pinot-blanc-fut\/#primaryimage\"},\"thumbnailUrl\":\"https:\/\/www.closdespins.ch\/wp-content\/uploads\/2017\/01\/Pinot-Blanc-Fut-70-1064x1064.jpg\",\"datePublished\":\"2017-01-18T21:18:16+00:00\",\"dateModified\":\"2023-09-04T08:23:53+00:00\",\"breadcrumb\":{\"@id\":\"https:\/\/www.closdespins.ch\/produit\/pinot-blanc-fut\/#breadcrumb\"},\"inLanguage\":\"de\",\"potentialAction\":[{\"@type\":\"ReadAction\",\"target\":[\"https:\/\/www.closdespins.ch\/produit\/pinot-blanc-fut\/\"]}]},{\"@type\":\"ImageObject\",\"inLanguage\":\"de\",\"@id\":\"https:\/\/www.closdespins.ch\/produit\/pinot-blanc-fut\/#primaryimage\",\"url\":\"https:\/\/www.closdespins.ch\/wp-content\/uploads\/2017\/01\/Pinot-Blanc-Fut-70-1064x1064.jpg\",\"contentUrl\":\"https:\/\/www.closdespins.ch\/wp-content\/uploads\/2017\/01\/Pinot-Blanc-Fut-70-1064x1064.jpg\",\"width\":1064,\"height\":1064,\"caption\":\"Pinot Blanc Fut Clos des Pins\"},{\"@type\":\"BreadcrumbList\",\"@id\":\"https:\/\/www.closdespins.ch\/produit\/pinot-blanc-fut\/#breadcrumb\",\"itemListElement\":[{\"@type\":\"ListItem\",\"position\":1,\"name\":\"Accueil\",\"item\":\"https:\/\/www.closdespins.ch\/de\/startseite\/\"},{\"@type\":\"ListItem\",\"position\":2,\"name\":\"Shop\",\"item\":\"https:\/\/www.closdespins.ch\/de\/shop\/\"},{\"@type\":\"ListItem\",\"position\":3,\"name\":\"Pinot Blanc \u00ab\u00a0Les Pins\u00a0\u00bb\"}]},{\"@type\":\"WebSite\",\"@id\":\"https:\/\/www.closdespins.ch\/#website\",\"url\":\"https:\/\/www.closdespins.ch\/\",\"name\":\"Domaine du Clos des Pins\",\"description\":\"Marc Ramu - Vigneron-Encaveur Dardagny\",\"publisher\":{\"@id\":\"https:\/\/www.closdespins.ch\/#organization\"},\"potentialAction\":[{\"@type\":\"SearchAction\",\"target\":{\"@type\":\"EntryPoint\",\"urlTemplate\":\"https:\/\/www.closdespins.ch\/?s={search_term_string}\"},\"query-input\":{\"@type\":\"PropertyValueSpecification\",\"valueRequired\":true,\"valueName\":\"search_term_string\"}}],\"inLanguage\":\"de\"},{\"@type\":\"Organization\",\"@id\":\"https:\/\/www.closdespins.ch\/#organization\",\"name\":\"Domaine du Clos des Pins\",\"url\":\"https:\/\/www.closdespins.ch\/\",\"logo\":{\"@type\":\"ImageObject\",\"inLanguage\":\"de\",\"@id\":\"https:\/\/www.closdespins.ch\/#\/schema\/logo\/image\/\",\"url\":\"https:\/\/www.closdespins.ch\/wp-content\/uploads\/2016\/08\/logoclosdespins400400.jpg\",\"contentUrl\":\"https:\/\/www.closdespins.ch\/wp-content\/uploads\/2016\/08\/logoclosdespins400400.jpg\",\"width\":400,\"height\":400,\"caption\":\"Domaine du Clos des Pins\"},\"image\":{\"@id\":\"https:\/\/www.closdespins.ch\/#\/schema\/logo\/image\/\"}}]}<\/script>\n<!-- \/ Yoast SEO plugin. -->","yoast_head_json":{"title":"Pinot Blanc \"Les Pins\" - Domaine du Clos des Pins","robots":{"index":"index","follow":"follow","max-snippet":"max-snippet:-1","max-image-preview":"max-image-preview:large","max-video-preview":"max-video-preview:-1"},"canonical":"https:\/\/www.closdespins.ch\/produit\/pinot-blanc-fut\/","og_locale":"de_DE","og_type":"article","og_title":"Pinot Blanc \"Les Pins\" - Domaine du Clos des Pins","og_description":"Im Eichenfass ausgebaut und nach der Vorgehensweise der B\u00e2tonnage (Aufr\u00fchren der verbleibenden Hefe) hergestellt. Dieser Wein ist f\u00fcr eine l\u00e4ngere Lagerung geeignet. Sein ganzes Potenzial ist erst nach ein paar Jahren zu erkennen. Das intensive Bouquet zeichnet sich durch Brioche- und Mandelnaromen aus. Am Gaumen ist der Wein breit und weinig, mit Noten von ger\u00f6steten und seidenweichen Vanille-Noten.","og_url":"https:\/\/www.closdespins.ch\/produit\/pinot-blanc-fut\/","og_site_name":"Domaine du Clos des Pins","article_modified_time":"2023-09-04T08:23:53+00:00","og_image":[{"width":1064,"height":1064,"url":"https:\/\/www.closdespins.ch\/wp-content\/uploads\/2017\/01\/Pinot-Blanc-Fut-70-1064x1064.jpg","type":"image\/jpeg"}],"twitter_card":"summary_large_image","schema":{"@context":"https:\/\/schema.org","@graph":[{"@type":"WebPage","@id":"https:\/\/www.closdespins.ch\/produit\/pinot-blanc-fut\/","url":"https:\/\/www.closdespins.ch\/produit\/pinot-blanc-fut\/","name":"Pinot Blanc \"Les Pins\" - Domaine du Clos des Pins","isPartOf":{"@id":"https:\/\/www.closdespins.ch\/#website"},"primaryImageOfPage":{"@id":"https:\/\/www.closdespins.ch\/produit\/pinot-blanc-fut\/#primaryimage"},"image":{"@id":"https:\/\/www.closdespins.ch\/produit\/pinot-blanc-fut\/#primaryimage"},"thumbnailUrl":"https:\/\/www.closdespins.ch\/wp-content\/uploads\/2017\/01\/Pinot-Blanc-Fut-70-1064x1064.jpg","datePublished":"2017-01-18T21:18:16+00:00","dateModified":"2023-09-04T08:23:53+00:00","breadcrumb":{"@id":"https:\/\/www.closdespins.ch\/produit\/pinot-blanc-fut\/#breadcrumb"},"inLanguage":"de","potentialAction":[{"@type":"ReadAction","target":["https:\/\/www.closdespins.ch\/produit\/pinot-blanc-fut\/"]}]},{"@type":"ImageObject","inLanguage":"de","@id":"https:\/\/www.closdespins.ch\/produit\/pinot-blanc-fut\/#primaryimage","url":"https:\/\/www.closdespins.ch\/wp-content\/uploads\/2017\/01\/Pinot-Blanc-Fut-70-1064x1064.jpg","contentUrl":"https:\/\/www.closdespins.ch\/wp-content\/uploads\/2017\/01\/Pinot-Blanc-Fut-70-1064x1064.jpg","width":1064,"height":1064,"caption":"Pinot Blanc Fut Clos des Pins"},{"@type":"BreadcrumbList","@id":"https:\/\/www.closdespins.ch\/produit\/pinot-blanc-fut\/#breadcrumb","itemListElement":[{"@type":"ListItem","position":1,"name":"Accueil","item":"https:\/\/www.closdespins.ch\/de\/startseite\/"},{"@type":"ListItem","position":2,"name":"Shop","item":"https:\/\/www.closdespins.ch\/de\/shop\/"},{"@type":"ListItem","position":3,"name":"Pinot Blanc \u00ab\u00a0Les Pins\u00a0\u00bb"}]},{"@type":"WebSite","@id":"https:\/\/www.closdespins.ch\/#website","url":"https:\/\/www.closdespins.ch\/","name":"Domaine du Clos des Pins","description":"Marc Ramu - Vigneron-Encaveur Dardagny","publisher":{"@id":"https:\/\/www.closdespins.ch\/#organization"},"potentialAction":[{"@type":"SearchAction","target":{"@type":"EntryPoint","urlTemplate":"https:\/\/www.closdespins.ch\/?s={search_term_string}"},"query-input":{"@type":"PropertyValueSpecification","valueRequired":true,"valueName":"search_term_string"}}],"inLanguage":"de"},{"@type":"Organization","@id":"https:\/\/www.closdespins.ch\/#organization","name":"Domaine du Clos des Pins","url":"https:\/\/www.closdespins.ch\/","logo":{"@type":"ImageObject","inLanguage":"de","@id":"https:\/\/www.closdespins.ch\/#\/schema\/logo\/image\/","url":"https:\/\/www.closdespins.ch\/wp-content\/uploads\/2016\/08\/logoclosdespins400400.jpg","contentUrl":"https:\/\/www.closdespins.ch\/wp-content\/uploads\/2016\/08\/logoclosdespins400400.jpg","width":400,"height":400,"caption":"Domaine du Clos des Pins"},"image":{"@id":"https:\/\/www.closdespins.ch\/#\/schema\/logo\/image\/"}}]}},"jetpack_sharing_enabled":true,"jetpack-related-posts":[],"_links":{"self":[{"href":"https:\/\/www.closdespins.ch\/de\/wp-json\/wp\/v2\/product\/2709","targetHints":{"allow":["GET"]}}],"collection":[{"href":"https:\/\/www.closdespins.ch\/de\/wp-json\/wp\/v2\/product"}],"about":[{"href":"https:\/\/www.closdespins.ch\/de\/wp-json\/wp\/v2\/types\/product"}],"wp:featuredmedia":[{"embeddable":true,"href":"https:\/\/www.closdespins.ch\/de\/wp-json\/wp\/v2\/media\/2477"}],"wp:attachment":[{"href":"https:\/\/www.closdespins.ch\/de\/wp-json\/wp\/v2\/media?parent=2709"}],"wp:term":[{"taxonomy":"product_brand","embeddable":true,"href":"https:\/\/www.closdespins.ch\/de\/wp-json\/wp\/v2\/product_brand?post=2709"},{"taxonomy":"product_cat","embeddable":true,"href":"https:\/\/www.closdespins.ch\/de\/wp-json\/wp\/v2\/product_cat?post=2709"},{"taxonomy":"product_tag","embeddable":true,"href":"https:\/\/www.closdespins.ch\/de\/wp-json\/wp\/v2\/product_tag?post=2709"}],"curies":[{"name":"wp","href":"https:\/\/api.w.org\/{rel}","templated":true}]}}