{"id":2710,"date":"2017-01-18T21:49:25","date_gmt":"2017-01-18T20:49:25","guid":{"rendered":"https:\/\/www.closdespins.ch\/produit\/chardonnay-bout-du-monde\/"},"modified":"2023-08-23T14:44:58","modified_gmt":"2023-08-23T12:44:58","slug":"chardonnay-bout-du-monde","status":"publish","type":"product","link":"https:\/\/www.closdespins.ch\/de\/produit\/chardonnay-bout-du-monde\/","title":{"rendered":"Chardonnay &#8222;Bout du Monde&#8220;"},"content":{"rendered":"","protected":false},"excerpt":{"rendered":"<p>Anfang der 70er-Jahren wurde unser Chardonnay in Dardagny eingef\u00fchrt. Sein Name \u201e<em>bout du monde<\/em>\u201c (am Ende der Welt) wurde von der vorangegangen Generation \u00fcbernommen und kommt von einem Grundst\u00fcck, das die Rhone \u00fcberragt und sich in der Weiterf\u00fchrung der Donzelles hinter einem sehr steilen Hang befindet.<\/p>\n<p>Bei den Weinen dominiert der typische Charakter von Zitrusfr\u00fcchten und exotischen Noten. Auf den runden und geschmeidigen Antrunk folgt eine mineralische Linie.<\/p>\n","protected":false},"featured_media":2472,"template":"","meta":{"jetpack_post_was_ever_published":false},"product_brand":[],"product_cat":[120],"product_tag":[],"class_list":{"0":"post-2710","1":"product","2":"type-product","3":"status-publish","4":"has-post-thumbnail","6":"product_cat-weiss-weine","8":"first","9":"instock","10":"taxable","11":"shipping-taxable","12":"purchasable","13":"product-type-simple"},"yoast_head":"<!-- This site is optimized with the Yoast SEO plugin v27.2 - https:\/\/yoast.com\/product\/yoast-seo-wordpress\/ -->\n<title>Chardonnay &quot;Bout du Monde&quot; - Domaine du Clos des Pins<\/title>\n<meta name=\"robots\" content=\"index, follow, max-snippet:-1, max-image-preview:large, max-video-preview:-1\" \/>\n<link rel=\"canonical\" href=\"https:\/\/www.closdespins.ch\/de\/produit\/chardonnay-bout-du-monde\/\" \/>\n<meta property=\"og:locale\" content=\"de_DE\" \/>\n<meta property=\"og:type\" content=\"article\" \/>\n<meta property=\"og:title\" content=\"Chardonnay &quot;Bout du Monde&quot; - Domaine du Clos des Pins\" \/>\n<meta property=\"og:description\" content=\"Anfang der 70er-Jahren wurde unser Chardonnay in Dardagny eingef\u00fchrt. Sein Name \u201ebout du monde\u201c (am Ende der Welt) wurde von der vorangegangen Generation \u00fcbernommen und kommt von einem Grundst\u00fcck, das die Rhone \u00fcberragt und sich in der Weiterf\u00fchrung der Donzelles hinter einem sehr steilen Hang befindet. Bei den Weinen dominiert der typische Charakter von Zitrusfr\u00fcchten und exotischen Noten. Auf den runden und geschmeidigen Antrunk folgt eine mineralische Linie.\" \/>\n<meta property=\"og:url\" content=\"https:\/\/www.closdespins.ch\/de\/produit\/chardonnay-bout-du-monde\/\" \/>\n<meta property=\"og:site_name\" content=\"Domaine du Clos des Pins\" \/>\n<meta property=\"article:modified_time\" content=\"2023-08-23T12:44:58+00:00\" \/>\n<meta property=\"og:image\" content=\"https:\/\/www.closdespins.ch\/wp-content\/uploads\/2017\/01\/Bout-du-monde-70-1064x1064.jpg\" \/>\n\t<meta property=\"og:image:width\" content=\"1064\" \/>\n\t<meta property=\"og:image:height\" content=\"1064\" \/>\n\t<meta property=\"og:image:type\" content=\"image\/jpeg\" \/>\n<meta name=\"twitter:card\" content=\"summary_large_image\" \/>\n<script type=\"application\/ld+json\" class=\"yoast-schema-graph\">{\"@context\":\"https:\/\/schema.org\",\"@graph\":[{\"@type\":\"WebPage\",\"@id\":\"https:\/\/www.closdespins.ch\/de\/produit\/chardonnay-bout-du-monde\/\",\"url\":\"https:\/\/www.closdespins.ch\/de\/produit\/chardonnay-bout-du-monde\/\",\"name\":\"Chardonnay \\\"Bout du Monde\\\" - Domaine du Clos des Pins\",\"isPartOf\":{\"@id\":\"https:\/\/www.closdespins.ch\/#website\"},\"primaryImageOfPage\":{\"@id\":\"https:\/\/www.closdespins.ch\/de\/produit\/chardonnay-bout-du-monde\/#primaryimage\"},\"image\":{\"@id\":\"https:\/\/www.closdespins.ch\/de\/produit\/chardonnay-bout-du-monde\/#primaryimage\"},\"thumbnailUrl\":\"https:\/\/www.closdespins.ch\/wp-content\/uploads\/2017\/01\/Bout-du-monde-70-1064x1064.jpg\",\"datePublished\":\"2017-01-18T20:49:25+00:00\",\"dateModified\":\"2023-08-23T12:44:58+00:00\",\"breadcrumb\":{\"@id\":\"https:\/\/www.closdespins.ch\/de\/produit\/chardonnay-bout-du-monde\/#breadcrumb\"},\"inLanguage\":\"de\",\"potentialAction\":[{\"@type\":\"ReadAction\",\"target\":[\"https:\/\/www.closdespins.ch\/de\/produit\/chardonnay-bout-du-monde\/\"]}]},{\"@type\":\"ImageObject\",\"inLanguage\":\"de\",\"@id\":\"https:\/\/www.closdespins.ch\/de\/produit\/chardonnay-bout-du-monde\/#primaryimage\",\"url\":\"https:\/\/www.closdespins.ch\/wp-content\/uploads\/2017\/01\/Bout-du-monde-70-1064x1064.jpg\",\"contentUrl\":\"https:\/\/www.closdespins.ch\/wp-content\/uploads\/2017\/01\/Bout-du-monde-70-1064x1064.jpg\",\"width\":1064,\"height\":1064,\"caption\":\"Chardonnay bout du monde clos des pins\"},{\"@type\":\"BreadcrumbList\",\"@id\":\"https:\/\/www.closdespins.ch\/de\/produit\/chardonnay-bout-du-monde\/#breadcrumb\",\"itemListElement\":[{\"@type\":\"ListItem\",\"position\":1,\"name\":\"Accueil\",\"item\":\"https:\/\/www.closdespins.ch\/de\/startseite\/\"},{\"@type\":\"ListItem\",\"position\":2,\"name\":\"Shop\",\"item\":\"https:\/\/www.closdespins.ch\/de\/shop\/\"},{\"@type\":\"ListItem\",\"position\":3,\"name\":\"Chardonnay &#8222;Bout du Monde&#8220;\"}]},{\"@type\":\"WebSite\",\"@id\":\"https:\/\/www.closdespins.ch\/#website\",\"url\":\"https:\/\/www.closdespins.ch\/\",\"name\":\"Domaine du Clos des Pins\",\"description\":\"Marc Ramu - Vigneron-Encaveur Dardagny\",\"publisher\":{\"@id\":\"https:\/\/www.closdespins.ch\/#organization\"},\"potentialAction\":[{\"@type\":\"SearchAction\",\"target\":{\"@type\":\"EntryPoint\",\"urlTemplate\":\"https:\/\/www.closdespins.ch\/?s={search_term_string}\"},\"query-input\":{\"@type\":\"PropertyValueSpecification\",\"valueRequired\":true,\"valueName\":\"search_term_string\"}}],\"inLanguage\":\"de\"},{\"@type\":\"Organization\",\"@id\":\"https:\/\/www.closdespins.ch\/#organization\",\"name\":\"Domaine du Clos des Pins\",\"url\":\"https:\/\/www.closdespins.ch\/\",\"logo\":{\"@type\":\"ImageObject\",\"inLanguage\":\"de\",\"@id\":\"https:\/\/www.closdespins.ch\/#\/schema\/logo\/image\/\",\"url\":\"https:\/\/www.closdespins.ch\/wp-content\/uploads\/2016\/08\/logoclosdespins400400.jpg\",\"contentUrl\":\"https:\/\/www.closdespins.ch\/wp-content\/uploads\/2016\/08\/logoclosdespins400400.jpg\",\"width\":400,\"height\":400,\"caption\":\"Domaine du Clos des Pins\"},\"image\":{\"@id\":\"https:\/\/www.closdespins.ch\/#\/schema\/logo\/image\/\"}}]}<\/script>\n<!-- \/ Yoast SEO plugin. -->","yoast_head_json":{"title":"Chardonnay \"Bout du Monde\" - Domaine du Clos des Pins","robots":{"index":"index","follow":"follow","max-snippet":"max-snippet:-1","max-image-preview":"max-image-preview:large","max-video-preview":"max-video-preview:-1"},"canonical":"https:\/\/www.closdespins.ch\/de\/produit\/chardonnay-bout-du-monde\/","og_locale":"de_DE","og_type":"article","og_title":"Chardonnay \"Bout du Monde\" - Domaine du Clos des Pins","og_description":"Anfang der 70er-Jahren wurde unser Chardonnay in Dardagny eingef\u00fchrt. Sein Name \u201ebout du monde\u201c (am Ende der Welt) wurde von der vorangegangen Generation \u00fcbernommen und kommt von einem Grundst\u00fcck, das die Rhone \u00fcberragt und sich in der Weiterf\u00fchrung der Donzelles hinter einem sehr steilen Hang befindet. Bei den Weinen dominiert der typische Charakter von Zitrusfr\u00fcchten und exotischen Noten. Auf den runden und geschmeidigen Antrunk folgt eine mineralische Linie.","og_url":"https:\/\/www.closdespins.ch\/de\/produit\/chardonnay-bout-du-monde\/","og_site_name":"Domaine du Clos des Pins","article_modified_time":"2023-08-23T12:44:58+00:00","og_image":[{"width":1064,"height":1064,"url":"https:\/\/www.closdespins.ch\/wp-content\/uploads\/2017\/01\/Bout-du-monde-70-1064x1064.jpg","type":"image\/jpeg"}],"twitter_card":"summary_large_image","schema":{"@context":"https:\/\/schema.org","@graph":[{"@type":"WebPage","@id":"https:\/\/www.closdespins.ch\/de\/produit\/chardonnay-bout-du-monde\/","url":"https:\/\/www.closdespins.ch\/de\/produit\/chardonnay-bout-du-monde\/","name":"Chardonnay \"Bout du Monde\" - Domaine du Clos des Pins","isPartOf":{"@id":"https:\/\/www.closdespins.ch\/#website"},"primaryImageOfPage":{"@id":"https:\/\/www.closdespins.ch\/de\/produit\/chardonnay-bout-du-monde\/#primaryimage"},"image":{"@id":"https:\/\/www.closdespins.ch\/de\/produit\/chardonnay-bout-du-monde\/#primaryimage"},"thumbnailUrl":"https:\/\/www.closdespins.ch\/wp-content\/uploads\/2017\/01\/Bout-du-monde-70-1064x1064.jpg","datePublished":"2017-01-18T20:49:25+00:00","dateModified":"2023-08-23T12:44:58+00:00","breadcrumb":{"@id":"https:\/\/www.closdespins.ch\/de\/produit\/chardonnay-bout-du-monde\/#breadcrumb"},"inLanguage":"de","potentialAction":[{"@type":"ReadAction","target":["https:\/\/www.closdespins.ch\/de\/produit\/chardonnay-bout-du-monde\/"]}]},{"@type":"ImageObject","inLanguage":"de","@id":"https:\/\/www.closdespins.ch\/de\/produit\/chardonnay-bout-du-monde\/#primaryimage","url":"https:\/\/www.closdespins.ch\/wp-content\/uploads\/2017\/01\/Bout-du-monde-70-1064x1064.jpg","contentUrl":"https:\/\/www.closdespins.ch\/wp-content\/uploads\/2017\/01\/Bout-du-monde-70-1064x1064.jpg","width":1064,"height":1064,"caption":"Chardonnay bout du monde clos des pins"},{"@type":"BreadcrumbList","@id":"https:\/\/www.closdespins.ch\/de\/produit\/chardonnay-bout-du-monde\/#breadcrumb","itemListElement":[{"@type":"ListItem","position":1,"name":"Accueil","item":"https:\/\/www.closdespins.ch\/de\/startseite\/"},{"@type":"ListItem","position":2,"name":"Shop","item":"https:\/\/www.closdespins.ch\/de\/shop\/"},{"@type":"ListItem","position":3,"name":"Chardonnay &#8222;Bout du Monde&#8220;"}]},{"@type":"WebSite","@id":"https:\/\/www.closdespins.ch\/#website","url":"https:\/\/www.closdespins.ch\/","name":"Domaine du Clos des Pins","description":"Marc Ramu - Vigneron-Encaveur Dardagny","publisher":{"@id":"https:\/\/www.closdespins.ch\/#organization"},"potentialAction":[{"@type":"SearchAction","target":{"@type":"EntryPoint","urlTemplate":"https:\/\/www.closdespins.ch\/?s={search_term_string}"},"query-input":{"@type":"PropertyValueSpecification","valueRequired":true,"valueName":"search_term_string"}}],"inLanguage":"de"},{"@type":"Organization","@id":"https:\/\/www.closdespins.ch\/#organization","name":"Domaine du Clos des Pins","url":"https:\/\/www.closdespins.ch\/","logo":{"@type":"ImageObject","inLanguage":"de","@id":"https:\/\/www.closdespins.ch\/#\/schema\/logo\/image\/","url":"https:\/\/www.closdespins.ch\/wp-content\/uploads\/2016\/08\/logoclosdespins400400.jpg","contentUrl":"https:\/\/www.closdespins.ch\/wp-content\/uploads\/2016\/08\/logoclosdespins400400.jpg","width":400,"height":400,"caption":"Domaine du Clos des Pins"},"image":{"@id":"https:\/\/www.closdespins.ch\/#\/schema\/logo\/image\/"}}]}},"jetpack_sharing_enabled":true,"jetpack-related-posts":[],"_links":{"self":[{"href":"https:\/\/www.closdespins.ch\/de\/wp-json\/wp\/v2\/product\/2710","targetHints":{"allow":["GET"]}}],"collection":[{"href":"https:\/\/www.closdespins.ch\/de\/wp-json\/wp\/v2\/product"}],"about":[{"href":"https:\/\/www.closdespins.ch\/de\/wp-json\/wp\/v2\/types\/product"}],"wp:featuredmedia":[{"embeddable":true,"href":"https:\/\/www.closdespins.ch\/de\/wp-json\/wp\/v2\/media\/2472"}],"wp:attachment":[{"href":"https:\/\/www.closdespins.ch\/de\/wp-json\/wp\/v2\/media?parent=2710"}],"wp:term":[{"taxonomy":"product_brand","embeddable":true,"href":"https:\/\/www.closdespins.ch\/de\/wp-json\/wp\/v2\/product_brand?post=2710"},{"taxonomy":"product_cat","embeddable":true,"href":"https:\/\/www.closdespins.ch\/de\/wp-json\/wp\/v2\/product_cat?post=2710"},{"taxonomy":"product_tag","embeddable":true,"href":"https:\/\/www.closdespins.ch\/de\/wp-json\/wp\/v2\/product_tag?post=2710"}],"curies":[{"name":"wp","href":"https:\/\/api.w.org\/{rel}","templated":true}]}}